{"id":229206,"date":"2022-03-10T14:16:37","date_gmt":"2022-03-10T13:16:37","guid":{"rendered":"https:\/\/pollmann.de\/produkt\/rolle-verstellbar-mit-aushaengesicherung\/"},"modified":"2022-03-10T14:17:00","modified_gmt":"2022-03-10T13:17:00","slug":"rolle-verstellbar-mit-aushaengesicherung","status":"publish","type":"product","link":"https:\/\/pollmann.de\/fr\/produit\/rolle-verstellbar-mit-aushaengesicherung\/","title":{"rendered":"Rouleau r\u00e9glable avec verrouillage de d\u00e9verrouillage"},"content":{"rendered":"<p>Convient aux sangles d&#039;angle, aux sangles centrales et aux sangles crois\u00e9es (articles 22153 - 22158) pour rouleau r\u00e9glable<\/p>","protected":false},"excerpt":{"rendered":"<p>Convient aux sangles d&#039;angle, aux sangles centrales et aux sangles crois\u00e9es (articles 22153 - 22158) pour rouleau r\u00e9glable<\/p>","protected":false},"featured_media":227780,"comment_status":"closed","ping_status":"closed","template":"","meta":{"_acf_changed":false,"_et_pb_use_builder":"","_et_pb_old_content":"","_et_gb_content_width":""},"product_brand":[],"product_cat":[2644,741],"product_tag":[133,97,791,792,785,92],"class_list":{"0":"post-229206","1":"product","2":"type-product","3":"status-publish","4":"has-post-thumbnail","6":"product_cat-flex-system-i-seitlich-verstellbar","7":"product_cat-klappladenbeschlaege","8":"product_tag-klappladen","9":"product_tag-pollmann","10":"product_tag-rolle","11":"product_tag-rolle-mit-aushaengesicherung","12":"product_tag-verstellbare-rolle","13":"product_tag-winkelband","14":"pa_varianten-rolle-verstellbar-13-115-mm-mit-aushaengesicherung-hell-verzinkt","15":"pa_varianten-rolle-verstellbar-13-115-mm-mit-aushaengesicherung-schwarz","17":"first","18":"instock","19":"purchasable","20":"product-type-variable"},"acf":[],"_links":{"self":[{"href":"https:\/\/pollmann.de\/fr\/wp-json\/wp\/v2\/product\/229206","targetHints":{"allow":["GET"]}}],"collection":[{"href":"https:\/\/pollmann.de\/fr\/wp-json\/wp\/v2\/product"}],"about":[{"href":"https:\/\/pollmann.de\/fr\/wp-json\/wp\/v2\/types\/product"}],"replies":[{"embeddable":true,"href":"https:\/\/pollmann.de\/fr\/wp-json\/wp\/v2\/comments?post=229206"}],"wp:featuredmedia":[{"embeddable":true,"href":"https:\/\/pollmann.de\/fr\/wp-json\/wp\/v2\/media\/227780"}],"wp:attachment":[{"href":"https:\/\/pollmann.de\/fr\/wp-json\/wp\/v2\/media?parent=229206"}],"wp:term":[{"taxonomy":"product_brand","embeddable":true,"href":"https:\/\/pollmann.de\/fr\/wp-json\/wp\/v2\/product_brand?post=229206"},{"taxonomy":"product_cat","embeddable":true,"href":"https:\/\/pollmann.de\/fr\/wp-json\/wp\/v2\/product_cat?post=229206"},{"taxonomy":"product_tag","embeddable":true,"href":"https:\/\/pollmann.de\/fr\/wp-json\/wp\/v2\/product_tag?post=229206"}],"curies":[{"name":"wp","href":"https:\/\/api.w.org\/{rel}","templated":true}]}}