{"id":229204,"date":"2022-03-10T14:16:37","date_gmt":"2022-03-10T13:16:37","guid":{"rendered":"https:\/\/pollmann.de\/produkt\/isolierputzanker-m10-verzinkt\/"},"modified":"2022-03-10T14:17:11","modified_gmt":"2022-03-10T13:17:11","slug":"isolierputzanker-m10-verzinkt","status":"publish","type":"product","link":"https:\/\/pollmann.de\/fr\/produit\/isolierputzanker-m10-verzinkt\/","title":{"rendered":"Cheville pour pl\u00e2tre isolant M10, galvanis\u00e9e"},"content":{"rendered":"<p>pour crochets \u00e0 visser et serrures \u00e0 filetage m\u00e9trique<\/p>","protected":false},"excerpt":{"rendered":"<p>pour crochets \u00e0 visser et serrures \u00e0 filetage m\u00e9trique<\/p>","protected":false},"featured_media":227748,"comment_status":"closed","ping_status":"closed","template":"","meta":{"_acf_changed":false,"_et_pb_use_builder":"","_et_pb_old_content":"","_et_gb_content_width":""},"product_brand":[],"product_cat":[863,741],"product_tag":[207,866,132,85,864,133,84,97,765,457,867],"class_list":{"0":"post-229204","1":"product","2":"type-product","3":"status-publish","4":"has-post-thumbnail","6":"product_cat-isolierbefestigung","7":"product_cat-klappladenbeschlaege","8":"product_tag-einschraubhaken","9":"product_tag-einschraubkloben","10":"product_tag-feststeller","11":"product_tag-haken","12":"product_tag-isolierputz-montage","13":"product_tag-klappladen","14":"product_tag-kloben","15":"product_tag-pollmann","16":"product_tag-schlagladen","17":"product_tag-torbeschlag","18":"product_tag-waermedaemmung","19":"pa_varianten-isolierputzanker-m10-l-100-verzinkt","20":"pa_varianten-isolierputzanker-m10-l-120-verzinkt","21":"pa_varianten-isolierputzanker-m10-l-140-verzinkt","22":"pa_varianten-isolierputzanker-m10-l-160-verzinkt","23":"pa_varianten-isolierputzanker-m12-l-100-verzinkt","24":"pa_varianten-isolierputzanker-m12-l-120-verzinkt","25":"pa_varianten-isolierputzanker-m12-l-140-verzinkt","26":"pa_varianten-isolierputzanker-m12-l-160-verzinkt","28":"first","29":"instock","30":"purchasable","31":"product-type-variable"},"acf":[],"_links":{"self":[{"href":"https:\/\/pollmann.de\/fr\/wp-json\/wp\/v2\/product\/229204","targetHints":{"allow":["GET"]}}],"collection":[{"href":"https:\/\/pollmann.de\/fr\/wp-json\/wp\/v2\/product"}],"about":[{"href":"https:\/\/pollmann.de\/fr\/wp-json\/wp\/v2\/types\/product"}],"replies":[{"embeddable":true,"href":"https:\/\/pollmann.de\/fr\/wp-json\/wp\/v2\/comments?post=229204"}],"wp:featuredmedia":[{"embeddable":true,"href":"https:\/\/pollmann.de\/fr\/wp-json\/wp\/v2\/media\/227748"}],"wp:attachment":[{"href":"https:\/\/pollmann.de\/fr\/wp-json\/wp\/v2\/media?parent=229204"}],"wp:term":[{"taxonomy":"product_brand","embeddable":true,"href":"https:\/\/pollmann.de\/fr\/wp-json\/wp\/v2\/product_brand?post=229204"},{"taxonomy":"product_cat","embeddable":true,"href":"https:\/\/pollmann.de\/fr\/wp-json\/wp\/v2\/product_cat?post=229204"},{"taxonomy":"product_tag","embeddable":true,"href":"https:\/\/pollmann.de\/fr\/wp-json\/wp\/v2\/product_tag?post=229204"}],"curies":[{"name":"wp","href":"https:\/\/api.w.org\/{rel}","templated":true}]}}