{"id":229200,"date":"2022-03-10T14:16:37","date_gmt":"2022-03-10T13:16:37","guid":{"rendered":"https:\/\/pollmann.de\/produkt\/schliesshaken-fuer-windfallen\/"},"modified":"2022-03-10T14:17:09","modified_gmt":"2022-03-10T13:17:09","slug":"schliesshaken-fuer-windfallen","status":"publish","type":"product","link":"https:\/\/pollmann.de\/fr\/produit\/schliesshaken-fuer-windfallen\/","title":{"rendered":"Crochet de fermeture pour pi\u00e8ges \u00e0 vent"},"content":{"rendered":"<p>pour pi\u00e8ges \u00e0 vent<\/p>","protected":false},"excerpt":{"rendered":"<p>pour pi\u00e8ges \u00e0 vent<\/p>","protected":false},"featured_media":227830,"comment_status":"closed","ping_status":"closed","template":"","meta":{"_acf_changed":false,"_et_pb_use_builder":"","_et_pb_old_content":"","_et_gb_content_width":""},"product_brand":[],"product_cat":[837,741],"product_tag":[134,133,838,131,839],"class_list":{"0":"post-229200","1":"product","2":"type-product","3":"status-publish","4":"has-post-thumbnail","6":"product_cat-feststeller","7":"product_cat-klappladenbeschlaege","8":"product_tag-fensterladen","9":"product_tag-klappladen","10":"product_tag-schliesshaken","11":"product_tag-verschluss","12":"product_tag-windfalle","13":"pa_varianten-schliesshaken-40-mm-hell-verzinkt","14":"pa_varianten-schliesshaken-40-mm-schwarz","16":"first","17":"instock","18":"purchasable","19":"product-type-variable"},"acf":[],"_links":{"self":[{"href":"https:\/\/pollmann.de\/fr\/wp-json\/wp\/v2\/product\/229200","targetHints":{"allow":["GET"]}}],"collection":[{"href":"https:\/\/pollmann.de\/fr\/wp-json\/wp\/v2\/product"}],"about":[{"href":"https:\/\/pollmann.de\/fr\/wp-json\/wp\/v2\/types\/product"}],"replies":[{"embeddable":true,"href":"https:\/\/pollmann.de\/fr\/wp-json\/wp\/v2\/comments?post=229200"}],"wp:featuredmedia":[{"embeddable":true,"href":"https:\/\/pollmann.de\/fr\/wp-json\/wp\/v2\/media\/227830"}],"wp:attachment":[{"href":"https:\/\/pollmann.de\/fr\/wp-json\/wp\/v2\/media?parent=229200"}],"wp:term":[{"taxonomy":"product_brand","embeddable":true,"href":"https:\/\/pollmann.de\/fr\/wp-json\/wp\/v2\/product_brand?post=229200"},{"taxonomy":"product_cat","embeddable":true,"href":"https:\/\/pollmann.de\/fr\/wp-json\/wp\/v2\/product_cat?post=229200"},{"taxonomy":"product_tag","embeddable":true,"href":"https:\/\/pollmann.de\/fr\/wp-json\/wp\/v2\/product_tag?post=229200"}],"curies":[{"name":"wp","href":"https:\/\/api.w.org\/{rel}","templated":true}]}}