{"id":229197,"date":"2022-03-10T14:16:37","date_gmt":"2022-03-10T13:16:37","guid":{"rendered":"https:\/\/pollmann.de\/produkt\/ausstellschere-fuer-klapplaeden-set\/"},"modified":"2022-03-10T14:17:42","modified_gmt":"2022-03-10T13:17:42","slug":"ausstellschere-fuer-klapplaeden-set","status":"publish","type":"product","link":"https:\/\/pollmann.de\/fr\/produit\/ausstellschere-fuer-klapplaeden-set\/","title":{"rendered":"Ciseaux d&#039;ouverture pour volets pliants, set"},"content":{"rendered":"<p>compos\u00e9 de 2 ciseaux, 1 fil de ficelle, 1 quart de tour moul\u00e9 et 2 plaques d&#039;arr\u00eat<\/p>","protected":false},"excerpt":{"rendered":"<p>compos\u00e9 de 2 ciseaux, 1 fil de ficelle, 1 quart de tour moul\u00e9 et 2 plaques d&#039;arr\u00eat<\/p>","protected":false},"featured_media":227814,"comment_status":"closed","ping_status":"closed","template":"","meta":{"_acf_changed":false,"_et_pb_use_builder":"","_et_pb_old_content":"","_et_gb_content_width":""},"product_brand":[],"product_cat":[837,741],"product_tag":[213,855],"class_list":{"0":"post-229197","1":"product","2":"type-product","3":"status-publish","4":"has-post-thumbnail","6":"product_cat-feststeller","7":"product_cat-klappladenbeschlaege","8":"product_tag-klappladenbeschlaege","9":"product_tag-lueftung","10":"pa_varianten-ausstellschere-fuer-klapplaeden-set-hell-verzinkt","11":"pa_varianten-ausstellschere-fuer-klapplaeden-set-schwarz","13":"first","14":"instock","15":"purchasable","16":"product-type-variable"},"acf":[],"_links":{"self":[{"href":"https:\/\/pollmann.de\/fr\/wp-json\/wp\/v2\/product\/229197","targetHints":{"allow":["GET"]}}],"collection":[{"href":"https:\/\/pollmann.de\/fr\/wp-json\/wp\/v2\/product"}],"about":[{"href":"https:\/\/pollmann.de\/fr\/wp-json\/wp\/v2\/types\/product"}],"replies":[{"embeddable":true,"href":"https:\/\/pollmann.de\/fr\/wp-json\/wp\/v2\/comments?post=229197"}],"wp:featuredmedia":[{"embeddable":true,"href":"https:\/\/pollmann.de\/fr\/wp-json\/wp\/v2\/media\/227814"}],"wp:attachment":[{"href":"https:\/\/pollmann.de\/fr\/wp-json\/wp\/v2\/media?parent=229197"}],"wp:term":[{"taxonomy":"product_brand","embeddable":true,"href":"https:\/\/pollmann.de\/fr\/wp-json\/wp\/v2\/product_brand?post=229197"},{"taxonomy":"product_cat","embeddable":true,"href":"https:\/\/pollmann.de\/fr\/wp-json\/wp\/v2\/product_cat?post=229197"},{"taxonomy":"product_tag","embeddable":true,"href":"https:\/\/pollmann.de\/fr\/wp-json\/wp\/v2\/product_tag?post=229197"}],"curies":[{"name":"wp","href":"https:\/\/api.w.org\/{rel}","templated":true}]}}