{"id":229195,"date":"2022-03-10T14:16:37","date_gmt":"2022-03-10T13:16:37","guid":{"rendered":"https:\/\/pollmann.de\/produkt\/vorreiber-zum-einschrauben-155-mm-hell-verzinkt\/"},"modified":"2022-03-10T14:17:28","modified_gmt":"2022-03-10T13:17:28","slug":"vorreiber-zum-einschrauben-155-mm-hell-verzinkt","status":"publish","type":"product","link":"https:\/\/pollmann.de\/fr\/produit\/vorreiber-zum-einschrauben-155-mm-hell-verzinkt\/","title":{"rendered":"Ouvrant \u00e0 visser 155 mm, galvanis\u00e9 brillant"},"content":{"rendered":"<p>avec filetage \u00e0 bois M10, but\u00e9e r\u00e9glable, fil de fer et chevilles, levier 120 x 20 mm<\/p>","protected":false},"excerpt":{"rendered":"<p>avec filetage \u00e0 bois M10, but\u00e9e r\u00e9glable, fil de fer et chevilles, levier 120 x 20 mm<\/p>","protected":false},"featured_media":227812,"comment_status":"closed","ping_status":"closed","template":"","meta":{"_acf_changed":false,"_et_pb_use_builder":"","_et_pb_old_content":"","_et_gb_content_width":""},"product_brand":[],"product_cat":[837,741],"product_tag":[134,132,133,97,131,851],"class_list":{"0":"post-229195","1":"product","2":"type-product","3":"status-publish","4":"has-post-thumbnail","6":"product_cat-feststeller","7":"product_cat-klappladenbeschlaege","8":"product_tag-fensterladen","9":"product_tag-feststeller","10":"product_tag-klappladen","11":"product_tag-pollmann","12":"product_tag-verschluss","13":"product_tag-vorreiber","14":"pa_varianten-vorreiber-zum-einschrauben-155-mm-hell-verzinkt","15":"pa_varianten-vorreiber-zum-einschrauben-155-mm-schwarz","16":"pa_varianten-vorreiber-zum-einschrauben-200-mm-hell-verzinkt","17":"pa_varianten-vorreiber-zum-einschrauben-200-mm-schwarz","18":"pa_varianten-vorreiber-zum-einschrauben-300-mm-hell-verzinkt","19":"pa_varianten-vorreiber-zum-einschrauben-300-mm-schwarz","21":"first","22":"instock","23":"purchasable","24":"product-type-variable"},"acf":[],"_links":{"self":[{"href":"https:\/\/pollmann.de\/fr\/wp-json\/wp\/v2\/product\/229195","targetHints":{"allow":["GET"]}}],"collection":[{"href":"https:\/\/pollmann.de\/fr\/wp-json\/wp\/v2\/product"}],"about":[{"href":"https:\/\/pollmann.de\/fr\/wp-json\/wp\/v2\/types\/product"}],"replies":[{"embeddable":true,"href":"https:\/\/pollmann.de\/fr\/wp-json\/wp\/v2\/comments?post=229195"}],"wp:featuredmedia":[{"embeddable":true,"href":"https:\/\/pollmann.de\/fr\/wp-json\/wp\/v2\/media\/227812"}],"wp:attachment":[{"href":"https:\/\/pollmann.de\/fr\/wp-json\/wp\/v2\/media?parent=229195"}],"wp:term":[{"taxonomy":"product_brand","embeddable":true,"href":"https:\/\/pollmann.de\/fr\/wp-json\/wp\/v2\/product_brand?post=229195"},{"taxonomy":"product_cat","embeddable":true,"href":"https:\/\/pollmann.de\/fr\/wp-json\/wp\/v2\/product_cat?post=229195"},{"taxonomy":"product_tag","embeddable":true,"href":"https:\/\/pollmann.de\/fr\/wp-json\/wp\/v2\/product_tag?post=229195"}],"curies":[{"name":"wp","href":"https:\/\/api.w.org\/{rel}","templated":true}]}}