{"id":229194,"date":"2022-03-10T14:16:37","date_gmt":"2022-03-10T13:16:37","guid":{"rendered":"https:\/\/pollmann.de\/produkt\/aufschraubplatte-kaentig-m10\/"},"modified":"2022-03-10T14:17:20","modified_gmt":"2022-03-10T13:17:20","slug":"aufschraubplatte-kaentig-m10","status":"publish","type":"product","link":"https:\/\/pollmann.de\/fr\/produit\/aufschraubplatte-kaentig-m10\/","title":{"rendered":"Plaque \u00e0 visser, carr\u00e9e M10"},"content":{"rendered":"<p>pour serre-joints ou serrures \u00e0 filetage m\u00e9trique<\/p>","protected":false},"excerpt":{"rendered":"<p>pour serre-joints ou serrures \u00e0 filetage m\u00e9trique<\/p>","protected":false},"featured_media":227744,"comment_status":"closed","ping_status":"closed","template":"","meta":{"_acf_changed":false,"_et_pb_use_builder":"","_et_pb_old_content":"","_et_gb_content_width":""},"product_brand":[],"product_cat":[2642,741],"product_tag":[744,743,748,745,746,747],"class_list":{"0":"post-229194","1":"product","2":"type-product","3":"status-publish","4":"has-post-thumbnail","6":"product_cat-haken-kloben","7":"product_cat-klappladenbeschlaege","8":"product_tag-anschraubplatte","9":"product_tag-anschraubplatte-kaentig","10":"product_tag-aufschraubplatte","11":"product_tag-platte-mit-gewinde","12":"product_tag-platte-mit-metrischem-gewinde","13":"product_tag-platte-zum-aufschrauben","14":"pa_varianten-aufschraubplatte-kaentig-mit-gewinde-m10-schwarz","15":"pa_varianten-aufschraubplatte-kaentig-mit-gewinde-m10-hell-verzinkt","16":"pa_varianten-aufschraubplatte-kaentig-mit-gewinde-m12-hell-verzinkt","17":"pa_varianten-aufschraubplatte-kaentig-mit-gewinde-m12-schwarz","19":"first","20":"instock","21":"purchasable","22":"product-type-variable"},"acf":[],"_links":{"self":[{"href":"https:\/\/pollmann.de\/fr\/wp-json\/wp\/v2\/product\/229194","targetHints":{"allow":["GET"]}}],"collection":[{"href":"https:\/\/pollmann.de\/fr\/wp-json\/wp\/v2\/product"}],"about":[{"href":"https:\/\/pollmann.de\/fr\/wp-json\/wp\/v2\/types\/product"}],"replies":[{"embeddable":true,"href":"https:\/\/pollmann.de\/fr\/wp-json\/wp\/v2\/comments?post=229194"}],"wp:featuredmedia":[{"embeddable":true,"href":"https:\/\/pollmann.de\/fr\/wp-json\/wp\/v2\/media\/227744"}],"wp:attachment":[{"href":"https:\/\/pollmann.de\/fr\/wp-json\/wp\/v2\/media?parent=229194"}],"wp:term":[{"taxonomy":"product_brand","embeddable":true,"href":"https:\/\/pollmann.de\/fr\/wp-json\/wp\/v2\/product_brand?post=229194"},{"taxonomy":"product_cat","embeddable":true,"href":"https:\/\/pollmann.de\/fr\/wp-json\/wp\/v2\/product_cat?post=229194"},{"taxonomy":"product_tag","embeddable":true,"href":"https:\/\/pollmann.de\/fr\/wp-json\/wp\/v2\/product_tag?post=229194"}],"curies":[{"name":"wp","href":"https:\/\/api.w.org\/{rel}","templated":true}]}}