{"id":229179,"date":"2022-03-10T14:16:37","date_gmt":"2022-03-10T13:16:37","guid":{"rendered":"https:\/\/pollmann.de\/produkt\/verstellkreuz-fuer-klappladenmontage\/"},"modified":"2022-03-10T14:17:11","modified_gmt":"2022-03-10T13:17:11","slug":"verstellkreuz-fuer-klappladenmontage","status":"publish","type":"product","link":"https:\/\/pollmann.de\/fr\/produit\/verstellkreuz-fuer-klappladenmontage\/","title":{"rendered":"Croix de r\u00e9glage pour installation de volet pliant"},"content":{"rendered":"<p>\u00e0 monter avec rouleau et corni\u00e8re, trou M5 x 8 pour vis sans t\u00eate pour la fixation<\/p>","protected":false},"excerpt":{"rendered":"<p>\u00e0 monter avec rouleau et corni\u00e8re, trou M5 x 8 pour vis sans t\u00eate pour la fixation<\/p>","protected":false},"featured_media":227785,"comment_status":"closed","ping_status":"closed","template":"","meta":{"_acf_changed":false,"_et_pb_use_builder":"","_et_pb_old_content":"","_et_gb_content_width":""},"product_brand":[],"product_cat":[2646,741],"product_tag":[795,797,796,794,121,97,785,798,92],"class_list":{"0":"post-229179","1":"product","2":"type-product","3":"status-publish","4":"has-post-thumbnail","6":"product_cat-flex-system-ii-zweifach-verstellbar","7":"product_cat-klappladenbeschlaege","8":"product_tag-fenster-beschlag","9":"product_tag-fensterladen-beschlag","10":"product_tag-klappladen-beschlag","11":"product_tag-ladenband","12":"product_tag-mittelband","13":"product_tag-pollmann","14":"product_tag-verstellbare-rolle","15":"product_tag-verstellbares-winkelband","16":"product_tag-winkelband","17":"pa_varianten-verstellkreuz-fuer-klappladenmontage-hell-verzinkt","18":"pa_varianten-verstellkreuz-fuer-klappladenmontage-schwarz","20":"first","21":"instock","22":"purchasable","23":"product-type-variable"},"acf":[],"_links":{"self":[{"href":"https:\/\/pollmann.de\/fr\/wp-json\/wp\/v2\/product\/229179","targetHints":{"allow":["GET"]}}],"collection":[{"href":"https:\/\/pollmann.de\/fr\/wp-json\/wp\/v2\/product"}],"about":[{"href":"https:\/\/pollmann.de\/fr\/wp-json\/wp\/v2\/types\/product"}],"replies":[{"embeddable":true,"href":"https:\/\/pollmann.de\/fr\/wp-json\/wp\/v2\/comments?post=229179"}],"wp:featuredmedia":[{"embeddable":true,"href":"https:\/\/pollmann.de\/fr\/wp-json\/wp\/v2\/media\/227785"}],"wp:attachment":[{"href":"https:\/\/pollmann.de\/fr\/wp-json\/wp\/v2\/media?parent=229179"}],"wp:term":[{"taxonomy":"product_brand","embeddable":true,"href":"https:\/\/pollmann.de\/fr\/wp-json\/wp\/v2\/product_brand?post=229179"},{"taxonomy":"product_cat","embeddable":true,"href":"https:\/\/pollmann.de\/fr\/wp-json\/wp\/v2\/product_cat?post=229179"},{"taxonomy":"product_tag","embeddable":true,"href":"https:\/\/pollmann.de\/fr\/wp-json\/wp\/v2\/product_tag?post=229179"}],"curies":[{"name":"wp","href":"https:\/\/api.w.org\/{rel}","templated":true}]}}