{"id":229177,"date":"2022-03-10T14:16:37","date_gmt":"2022-03-10T13:16:37","guid":{"rendered":"https:\/\/pollmann.de\/produkt\/plattenhaken-d1-duplex-schwarz\/"},"modified":"2022-03-10T14:17:09","modified_gmt":"2022-03-10T13:17:09","slug":"plattenhaken-d1-duplex-schwarz","status":"publish","type":"product","link":"https:\/\/pollmann.de\/fr\/produit\/plattenhaken-d1-duplex-schwarz\/","title":{"rendered":"Crochet pour plaque D1, duplex noir"},"content":{"rendered":"<p>Pince \u00e0 plaque \u00e0 visser avec un \u00e9cart de mandrin \u00e9troit (distance entre la plaque et le mandrin). \u00c9galement disponible plastifi\u00e9 en PollmannColor.<\/p>","protected":false},"excerpt":{"rendered":"<p>Pince \u00e0 plaque \u00e0 visser avec un \u00e9cart de mandrin \u00e9troit (distance entre la plaque et le mandrin). \u00c9galement disponible plastifi\u00e9 en PollmannColor.<\/p>","protected":false},"featured_media":227487,"comment_status":"closed","ping_status":"closed","template":"","meta":{"_acf_changed":false,"_et_pb_use_builder":"","_et_pb_old_content":"","_et_gb_content_width":""},"product_brand":[],"product_cat":[2642,741],"product_tag":[85,750,84,751,754,755,97],"class_list":{"0":"post-229177","1":"product","2":"type-product","3":"status-publish","4":"has-post-thumbnail","6":"product_cat-haken-kloben","7":"product_cat-klappladenbeschlaege","8":"product_tag-haken","9":"product_tag-haken-zum-aufschrauben","10":"product_tag-kloben","11":"product_tag-kloben-zum-aufschrauben","12":"product_tag-plattenhaken","13":"product_tag-plattenkloben","14":"product_tag-pollmann","15":"pa_varianten-haken-d1-10-abst-10-mm-schwarz","16":"pa_varianten-haken-d1-13-abst-12-mm-schwarz","18":"first","19":"instock","20":"purchasable","21":"product-type-variable"},"acf":[],"_links":{"self":[{"href":"https:\/\/pollmann.de\/fr\/wp-json\/wp\/v2\/product\/229177","targetHints":{"allow":["GET"]}}],"collection":[{"href":"https:\/\/pollmann.de\/fr\/wp-json\/wp\/v2\/product"}],"about":[{"href":"https:\/\/pollmann.de\/fr\/wp-json\/wp\/v2\/types\/product"}],"replies":[{"embeddable":true,"href":"https:\/\/pollmann.de\/fr\/wp-json\/wp\/v2\/comments?post=229177"}],"wp:featuredmedia":[{"embeddable":true,"href":"https:\/\/pollmann.de\/fr\/wp-json\/wp\/v2\/media\/227487"}],"wp:attachment":[{"href":"https:\/\/pollmann.de\/fr\/wp-json\/wp\/v2\/media?parent=229177"}],"wp:term":[{"taxonomy":"product_brand","embeddable":true,"href":"https:\/\/pollmann.de\/fr\/wp-json\/wp\/v2\/product_brand?post=229177"},{"taxonomy":"product_cat","embeddable":true,"href":"https:\/\/pollmann.de\/fr\/wp-json\/wp\/v2\/product_cat?post=229177"},{"taxonomy":"product_tag","embeddable":true,"href":"https:\/\/pollmann.de\/fr\/wp-json\/wp\/v2\/product_tag?post=229177"}],"curies":[{"name":"wp","href":"https:\/\/api.w.org\/{rel}","templated":true}]}}