{"id":228872,"date":"2022-03-10T14:08:51","date_gmt":"2022-03-10T13:08:51","guid":{"rendered":"https:\/\/pollmann.de\/produkt\/winkelverbinder-gleichschenklig-mit-steg\/"},"modified":"2022-03-10T14:09:15","modified_gmt":"2022-03-10T13:09:15","slug":"winkelverbinder-gleichschenklig-mit-steg","status":"publish","type":"product","link":"https:\/\/pollmann.de\/fr\/produit\/winkelverbinder-gleichschenklig-mit-steg\/","title":{"rendered":"Connecteur d&#039;angle isoc\u00e8le avec \u00e2me"},"content":{"rendered":"<p>isoc\u00e8le, avec homologation CE selon ETA-11\/0296, galvanis\u00e9 sendzimir<\/p>","protected":false},"excerpt":{"rendered":"<p>isoc\u00e8le, avec homologation CE selon ETA-11\/0296, galvanis\u00e9 sendzimir<\/p>","protected":false},"featured_media":228138,"comment_status":"closed","ping_status":"closed","template":"","meta":{"_acf_changed":false,"_et_pb_use_builder":"","_et_pb_old_content":"","_et_gb_content_width":""},"product_brand":[],"product_cat":[1263,1269],"product_tag":[398,97,1274,1270,1273,1271,1272],"class_list":{"0":"post-228872","1":"product","2":"type-product","3":"status-publish","4":"has-post-thumbnail","6":"product_cat-holzverbinder","7":"product_cat-winkelverbinder","8":"product_tag-holzverbinder","9":"product_tag-pollmann","10":"product_tag-schwerlastverbinder","11":"product_tag-winkelverbinder-mit-rippe","12":"product_tag-winkelverbinder-mit-sicke","13":"product_tag-winkelverbinder-mit-steg","14":"product_tag-winkelverbinder-mit-wulst","15":"pa_varianten-winkelverbinder-mit-steg-105-x-105-x-90-x-20-mm","16":"pa_varianten-winkelverbinder-mit-steg-105-x-105-x-90-x-30-mm","17":"pa_varianten-winkelverbinder-mit-steg-70-x-70-x-55-x-20-mm","18":"pa_varianten-winkelverbinder-mit-steg-90-x-90-x-65-x-15-mm","19":"pa_varianten-winkelverbinder-mit-steg-90-x-90-x-65-x-25-mm","21":"first","22":"instock","23":"purchasable","24":"product-type-variable"},"acf":[],"_links":{"self":[{"href":"https:\/\/pollmann.de\/fr\/wp-json\/wp\/v2\/product\/228872","targetHints":{"allow":["GET"]}}],"collection":[{"href":"https:\/\/pollmann.de\/fr\/wp-json\/wp\/v2\/product"}],"about":[{"href":"https:\/\/pollmann.de\/fr\/wp-json\/wp\/v2\/types\/product"}],"replies":[{"embeddable":true,"href":"https:\/\/pollmann.de\/fr\/wp-json\/wp\/v2\/comments?post=228872"}],"wp:featuredmedia":[{"embeddable":true,"href":"https:\/\/pollmann.de\/fr\/wp-json\/wp\/v2\/media\/228138"}],"wp:attachment":[{"href":"https:\/\/pollmann.de\/fr\/wp-json\/wp\/v2\/media?parent=228872"}],"wp:term":[{"taxonomy":"product_brand","embeddable":true,"href":"https:\/\/pollmann.de\/fr\/wp-json\/wp\/v2\/product_brand?post=228872"},{"taxonomy":"product_cat","embeddable":true,"href":"https:\/\/pollmann.de\/fr\/wp-json\/wp\/v2\/product_cat?post=228872"},{"taxonomy":"product_tag","embeddable":true,"href":"https:\/\/pollmann.de\/fr\/wp-json\/wp\/v2\/product_tag?post=228872"}],"curies":[{"name":"wp","href":"https:\/\/api.w.org\/{rel}","templated":true}]}}