{"id":228860,"date":"2022-03-10T14:08:51","date_gmt":"2022-03-10T13:08:51","guid":{"rendered":"https:\/\/pollmann.de\/produkt\/geka-duebel-einseitig-typ-c11\/"},"modified":"2022-03-10T14:09:10","modified_gmt":"2022-03-10T13:09:10","slug":"geka-duebel-einseitig-typ-c11","status":"publish","type":"product","link":"https:\/\/pollmann.de\/fr\/produit\/geka-duebel-einseitig-typ-c11\/","title":{"rendered":"Cheville Geka unilat\u00e9rale type C11"},"content":{"rendered":"<p>selon DIN EN 912, fonte mall\u00e9able, galvanis\u00e9e<\/p>","protected":false},"excerpt":{"rendered":"<p>selon DIN EN 912, fonte mall\u00e9able, galvanis\u00e9e<\/p>","protected":false},"featured_media":228250,"comment_status":"closed","ping_status":"closed","template":"","meta":{"_acf_changed":false,"_et_pb_use_builder":"","_et_pb_old_content":"","_et_gb_content_width":""},"product_brand":[],"product_cat":[1263,1321],"product_tag":[1360,1334,1332,1339,1356,1331,398,1359,1284],"class_list":{"0":"post-228860","1":"product","2":"type-product","3":"status-publish","4":"has-post-thumbnail","6":"product_cat-holzverbinder","7":"product_cat-spezialverbinder","8":"product_tag-c11","9":"product_tag-din-en-912","10":"product_tag-duebel","11":"product_tag-einpressduebel","12":"product_tag-einseitig","13":"product_tag-geka","14":"product_tag-holzverbinder","15":"product_tag-scheibenduebel-mit-dornen","16":"product_tag-verbinder","17":"pa_varianten-geka-duebel-einseitig-typ-c11-aussen-o-115-m24","18":"pa_varianten-geka-duebel-einseitig-typ-c11-aussen-o-65-m16","19":"pa_varianten-geka-duebel-einseitig-typ-c11-aussen-o-80-m20","20":"pa_varianten-geka-duebel-einseitig-typ-c11-aussen-o-95-m24","21":"pa_varianten-geka-duebel-einseitig-typ-c11-aussen-o-50-m12","23":"first","24":"instock","25":"purchasable","26":"product-type-variable"},"acf":[],"_links":{"self":[{"href":"https:\/\/pollmann.de\/fr\/wp-json\/wp\/v2\/product\/228860","targetHints":{"allow":["GET"]}}],"collection":[{"href":"https:\/\/pollmann.de\/fr\/wp-json\/wp\/v2\/product"}],"about":[{"href":"https:\/\/pollmann.de\/fr\/wp-json\/wp\/v2\/types\/product"}],"replies":[{"embeddable":true,"href":"https:\/\/pollmann.de\/fr\/wp-json\/wp\/v2\/comments?post=228860"}],"wp:featuredmedia":[{"embeddable":true,"href":"https:\/\/pollmann.de\/fr\/wp-json\/wp\/v2\/media\/228250"}],"wp:attachment":[{"href":"https:\/\/pollmann.de\/fr\/wp-json\/wp\/v2\/media?parent=228860"}],"wp:term":[{"taxonomy":"product_brand","embeddable":true,"href":"https:\/\/pollmann.de\/fr\/wp-json\/wp\/v2\/product_brand?post=228860"},{"taxonomy":"product_cat","embeddable":true,"href":"https:\/\/pollmann.de\/fr\/wp-json\/wp\/v2\/product_cat?post=228860"},{"taxonomy":"product_tag","embeddable":true,"href":"https:\/\/pollmann.de\/fr\/wp-json\/wp\/v2\/product_tag?post=228860"}],"curies":[{"name":"wp","href":"https:\/\/api.w.org\/{rel}","templated":true}]}}