{"id":228856,"date":"2022-03-10T14:08:51","date_gmt":"2022-03-10T13:08:51","guid":{"rendered":"https:\/\/pollmann.de\/produkt\/holzbauschrauben-verzinkt\/"},"modified":"2022-03-10T14:09:09","modified_gmt":"2022-03-10T13:09:09","slug":"holzbauschrauben-verzinkt","status":"publish","type":"product","link":"https:\/\/pollmann.de\/fr\/produit\/holzbauschrauben-verzinkt\/","title":{"rendered":"Vis \u00e0 construction en bois, galvanis\u00e9es"},"content":{"rendered":"<p>avec t\u00eate frais\u00e9e, entra\u00eenement Torx, autres dimensions disponibles sur demande<\/p>","protected":false},"excerpt":{"rendered":"<p>avec t\u00eate frais\u00e9e, entra\u00eenement Torx, autres dimensions disponibles sur demande<\/p>","protected":false},"featured_media":228069,"comment_status":"closed","ping_status":"closed","template":"","meta":{"_acf_changed":false,"_et_pb_use_builder":"","_et_pb_old_content":"","_et_gb_content_width":""},"product_brand":[],"product_cat":[1418,1263],"product_tag":[1422,1421,1419,1420,226,212],"class_list":{"0":"post-228856","1":"product","2":"type-product","3":"status-publish","4":"has-post-thumbnail","6":"product_cat-befestigungstechnik","7":"product_cat-holzverbinder","8":"product_tag-bauaufsichtliche-zulassung","9":"product_tag-einschrauben","10":"product_tag-holzbau","11":"product_tag-holzbauschrauben","12":"product_tag-schraube","13":"product_tag-schrauben","14":"pa_varianten-holzbauschraube-8-x-120-sk-tx-40-verzinkt","15":"pa_varianten-holzbauschraube-8-x-140-sk-tx-40-verzinkt","16":"pa_varianten-holzbauschraube-8-x-160-sk-tx-40-verzinkt","17":"pa_varianten-holzbauschraube-8-x-180-sk-tx-40-verzinkt","18":"pa_varianten-holzbauschraube-8-x-200-sk-tx-40-verzinkt","19":"pa_varianten-holzbauschraube-8-x-240-sk-tx-40-verzinkt","21":"first","22":"instock","23":"purchasable","24":"product-type-variable"},"acf":[],"_links":{"self":[{"href":"https:\/\/pollmann.de\/fr\/wp-json\/wp\/v2\/product\/228856","targetHints":{"allow":["GET"]}}],"collection":[{"href":"https:\/\/pollmann.de\/fr\/wp-json\/wp\/v2\/product"}],"about":[{"href":"https:\/\/pollmann.de\/fr\/wp-json\/wp\/v2\/types\/product"}],"replies":[{"embeddable":true,"href":"https:\/\/pollmann.de\/fr\/wp-json\/wp\/v2\/comments?post=228856"}],"wp:featuredmedia":[{"embeddable":true,"href":"https:\/\/pollmann.de\/fr\/wp-json\/wp\/v2\/media\/228069"}],"wp:attachment":[{"href":"https:\/\/pollmann.de\/fr\/wp-json\/wp\/v2\/media?parent=228856"}],"wp:term":[{"taxonomy":"product_brand","embeddable":true,"href":"https:\/\/pollmann.de\/fr\/wp-json\/wp\/v2\/product_brand?post=228856"},{"taxonomy":"product_cat","embeddable":true,"href":"https:\/\/pollmann.de\/fr\/wp-json\/wp\/v2\/product_cat?post=228856"},{"taxonomy":"product_tag","embeddable":true,"href":"https:\/\/pollmann.de\/fr\/wp-json\/wp\/v2\/product_tag?post=228856"}],"curies":[{"name":"wp","href":"https:\/\/api.w.org\/{rel}","templated":true}]}}