{"id":228855,"date":"2022-03-10T14:08:51","date_gmt":"2022-03-10T13:08:51","guid":{"rendered":"https:\/\/pollmann.de\/produkt\/einpressduebel-typ-c-doppelseitig\/"},"modified":"2022-03-10T14:09:34","modified_gmt":"2022-03-10T13:09:34","slug":"einpressduebel-typ-c-doppelseitig","status":"publish","type":"product","link":"https:\/\/pollmann.de\/fr\/produit\/einpressduebel-typ-c-doppelseitig\/","title":{"rendered":"Cheville \u00e0 enfoncer type C, double face"},"content":{"rendered":"<p>Chevilles rondes avec dents des deux c\u00f4t\u00e9s selon EN 912, galvanis\u00e9es \u00e0 chaud, avec marquage CE selon DIN EN 14546<\/p>","protected":false},"excerpt":{"rendered":"<p>Chevilles rondes avec dents des deux c\u00f4t\u00e9s selon EN 912, galvanis\u00e9es \u00e0 chaud, avec marquage CE selon DIN EN 14546<\/p>","protected":false},"featured_media":228248,"comment_status":"closed","ping_status":"closed","template":"","meta":{"_acf_changed":false,"_et_pb_use_builder":"","_et_pb_old_content":"","_et_gb_content_width":""},"product_brand":[],"product_cat":[1263,1321],"product_tag":[1342,1341,1336,1339,2602,1340],"class_list":{"0":"post-228855","1":"product","2":"type-product","3":"status-publish","4":"has-post-thumbnail","6":"product_cat-holzverbinder","7":"product_cat-spezialverbinder","8":"product_tag-aussen-o-48","9":"product_tag-bulldog-verbinder","10":"product_tag-doppelseitig","11":"product_tag-einpressduebel","12":"product_tag-innen-o-13","13":"product_tag-typ-c","14":"pa_varianten-einpressduebel-typ-c-o50-o17-mm-doppelseitig","15":"pa_varianten-einpressduebel-typ-c-o62-o21-mm-doppelseitig","16":"pa_varianten-einpressduebel-typ-c-o75-o26-mm-doppelseitig","18":"first","19":"instock","20":"purchasable","21":"product-type-variable"},"acf":[],"_links":{"self":[{"href":"https:\/\/pollmann.de\/fr\/wp-json\/wp\/v2\/product\/228855","targetHints":{"allow":["GET"]}}],"collection":[{"href":"https:\/\/pollmann.de\/fr\/wp-json\/wp\/v2\/product"}],"about":[{"href":"https:\/\/pollmann.de\/fr\/wp-json\/wp\/v2\/types\/product"}],"replies":[{"embeddable":true,"href":"https:\/\/pollmann.de\/fr\/wp-json\/wp\/v2\/comments?post=228855"}],"wp:featuredmedia":[{"embeddable":true,"href":"https:\/\/pollmann.de\/fr\/wp-json\/wp\/v2\/media\/228248"}],"wp:attachment":[{"href":"https:\/\/pollmann.de\/fr\/wp-json\/wp\/v2\/media?parent=228855"}],"wp:term":[{"taxonomy":"product_brand","embeddable":true,"href":"https:\/\/pollmann.de\/fr\/wp-json\/wp\/v2\/product_brand?post=228855"},{"taxonomy":"product_cat","embeddable":true,"href":"https:\/\/pollmann.de\/fr\/wp-json\/wp\/v2\/product_cat?post=228855"},{"taxonomy":"product_tag","embeddable":true,"href":"https:\/\/pollmann.de\/fr\/wp-json\/wp\/v2\/product_tag?post=228855"}],"curies":[{"name":"wp","href":"https:\/\/api.w.org\/{rel}","templated":true}]}}