{"id":228853,"date":"2022-03-10T14:08:51","date_gmt":"2022-03-10T13:08:51","guid":{"rendered":"https:\/\/pollmann.de\/produkt\/balkenschuh-typ-i-innen\/"},"modified":"2022-03-10T14:09:47","modified_gmt":"2022-03-10T13:09:47","slug":"balkenschuh-typ-i-innen","status":"publish","type":"product","link":"https:\/\/pollmann.de\/fr\/produit\/balkenschuh-typ-i-innen\/","title":{"rendered":"Support de solive de type I \u00e0 l&#039;int\u00e9rieur"},"content":{"rendered":"<p>coud\u00e9 vers l&#039;int\u00e9rieur, avec perforation combin\u00e9e, galvanis\u00e9 sendzimir, marquage CE selon ETA-11\/0298<\/p>","protected":false},"excerpt":{"rendered":"<p>coud\u00e9 vers l&#039;int\u00e9rieur, avec perforation combin\u00e9e, galvanis\u00e9 sendzimir, marquage CE selon ETA-11\/0298<\/p>","protected":false},"featured_media":228186,"comment_status":"closed","ping_status":"closed","template":"","meta":{"_acf_changed":false,"_et_pb_use_builder":"","_et_pb_old_content":"","_et_gb_content_width":""},"product_brand":[],"product_cat":[1366,1263],"product_tag":[1367,1375,1291,1383,1381,1382,1370,97,1385,1384],"class_list":{"0":"post-228853","1":"product","2":"type-product","3":"status-publish","4":"has-post-thumbnail","6":"product_cat-balkenschuhe","7":"product_cat-holzverbinder","8":"product_tag-balkenschuh","9":"product_tag-balkenschuhe","10":"product_tag-ce-zulassung","11":"product_tag-einteilig","12":"product_tag-innen","13":"product_tag-innen-abgewinkelt","14":"product_tag-kombilochung","15":"product_tag-pollmann","16":"product_tag-sendzimirverzinkt-ce-kennzeichnung","17":"product_tag-typ-i","18":"pa_varianten-balkenschuh-typ-i-innen-100-x-140-mm","19":"pa_varianten-balkenschuh-typ-i-innen-100-x-200-mm","20":"pa_varianten-balkenschuh-typ-i-innen-120-x-160-mm","21":"pa_varianten-balkenschuh-typ-i-innen-140-x-180-mm","22":"pa_varianten-balkenschuh-typ-i-innen-180-x-220-mm","23":"pa_varianten-balkenschuh-typ-i-innen-60-x-100-mm","24":"pa_varianten-balkenschuh-typ-i-innen-80-x-120-mm","26":"first","27":"instock","28":"purchasable","29":"product-type-variable"},"acf":[],"_links":{"self":[{"href":"https:\/\/pollmann.de\/fr\/wp-json\/wp\/v2\/product\/228853","targetHints":{"allow":["GET"]}}],"collection":[{"href":"https:\/\/pollmann.de\/fr\/wp-json\/wp\/v2\/product"}],"about":[{"href":"https:\/\/pollmann.de\/fr\/wp-json\/wp\/v2\/types\/product"}],"replies":[{"embeddable":true,"href":"https:\/\/pollmann.de\/fr\/wp-json\/wp\/v2\/comments?post=228853"}],"wp:featuredmedia":[{"embeddable":true,"href":"https:\/\/pollmann.de\/fr\/wp-json\/wp\/v2\/media\/228186"}],"wp:attachment":[{"href":"https:\/\/pollmann.de\/fr\/wp-json\/wp\/v2\/media?parent=228853"}],"wp:term":[{"taxonomy":"product_brand","embeddable":true,"href":"https:\/\/pollmann.de\/fr\/wp-json\/wp\/v2\/product_brand?post=228853"},{"taxonomy":"product_cat","embeddable":true,"href":"https:\/\/pollmann.de\/fr\/wp-json\/wp\/v2\/product_cat?post=228853"},{"taxonomy":"product_tag","embeddable":true,"href":"https:\/\/pollmann.de\/fr\/wp-json\/wp\/v2\/product_tag?post=228853"}],"curies":[{"name":"wp","href":"https:\/\/api.w.org\/{rel}","templated":true}]}}