{"id":228842,"date":"2022-03-10T14:08:51","date_gmt":"2022-03-10T13:08:51","guid":{"rendered":"https:\/\/pollmann.de\/produkt\/montagewinkel-mwf\/"},"modified":"2022-03-10T14:09:20","modified_gmt":"2022-03-10T13:09:20","slug":"montagewinkel-mwf","status":"publish","type":"product","link":"https:\/\/pollmann.de\/fr\/produit\/montagewinkel-mwf\/","title":{"rendered":"Support de montage MWF"},"content":{"rendered":"<p>Perforation pattes courtes : 1 trou long 9 x 30 mm, 4 trous ronds \u00d8 9 mm, 2 trous ronds \u00d8 7 mm,<br \/>\nPerforation des pattes longues : trous allong\u00e9s 5,5 x 30, trous ronds \u00d8 5 mm (voir tableau pour num\u00e9ro)<\/p>","protected":false},"excerpt":{"rendered":"<p>Perforation pattes courtes : 1 trou long 9 x 30 mm, 4 trous ronds \u00d8 9 mm, 2 trous ronds \u00d8 7 mm,<br \/>\nPerforation des pattes longues : trous allong\u00e9s 5,5 x 30, trous ronds \u00d8 5 mm (voir tableau pour num\u00e9ro)<\/p>","protected":false},"featured_media":228101,"comment_status":"closed","ping_status":"closed","template":"","meta":{"_acf_changed":false,"_et_pb_use_builder":"","_et_pb_old_content":"","_et_gb_content_width":""},"product_brand":[],"product_cat":[1263,1269],"product_tag":[1315,398,1316,1314,97,394],"class_list":{"0":"post-228842","1":"product","2":"type-product","3":"status-publish","4":"has-post-thumbnail","6":"product_cat-holzverbinder","7":"product_cat-winkelverbinder","8":"product_tag-fenstermontage","9":"product_tag-holzverbinder","10":"product_tag-montage-von-fassaden","11":"product_tag-montagewinkel","12":"product_tag-pollmann","13":"product_tag-winkelverbinder","14":"pa_varianten-montagewinkel-mfw-220-x-60-x-60-x-25-mm","15":"pa_varianten-montagewinkel-mwf-100-x-60-x-60-x-25-mm","16":"pa_varianten-montagewinkel-mwf-120-x-60-x-60-x-25-mm","17":"pa_varianten-montagewinkel-mwf-140-x-60-x-60-x-25-mm","18":"pa_varianten-montagewinkel-mwf-160-x-60-x-60-x-25-mm","19":"pa_varianten-montagewinkel-mwf-180-x-60-x-60-x-25-mm","20":"pa_varianten-montagewinkel-mwf-200-x-60-x-60-x-25-mm","21":"pa_varianten-montagewinkel-mwf-60-x-60-x-60-x-25-mm","22":"pa_varianten-montagewinkel-mwf-80-x-60-x-60-x-25-mm","24":"first","25":"instock","26":"purchasable","27":"product-type-variable"},"acf":[],"_links":{"self":[{"href":"https:\/\/pollmann.de\/fr\/wp-json\/wp\/v2\/product\/228842","targetHints":{"allow":["GET"]}}],"collection":[{"href":"https:\/\/pollmann.de\/fr\/wp-json\/wp\/v2\/product"}],"about":[{"href":"https:\/\/pollmann.de\/fr\/wp-json\/wp\/v2\/types\/product"}],"replies":[{"embeddable":true,"href":"https:\/\/pollmann.de\/fr\/wp-json\/wp\/v2\/comments?post=228842"}],"wp:featuredmedia":[{"embeddable":true,"href":"https:\/\/pollmann.de\/fr\/wp-json\/wp\/v2\/media\/228101"}],"wp:attachment":[{"href":"https:\/\/pollmann.de\/fr\/wp-json\/wp\/v2\/media?parent=228842"}],"wp:term":[{"taxonomy":"product_brand","embeddable":true,"href":"https:\/\/pollmann.de\/fr\/wp-json\/wp\/v2\/product_brand?post=228842"},{"taxonomy":"product_cat","embeddable":true,"href":"https:\/\/pollmann.de\/fr\/wp-json\/wp\/v2\/product_cat?post=228842"},{"taxonomy":"product_tag","embeddable":true,"href":"https:\/\/pollmann.de\/fr\/wp-json\/wp\/v2\/product_tag?post=228842"}],"curies":[{"name":"wp","href":"https:\/\/api.w.org\/{rel}","templated":true}]}}