{"id":228839,"date":"2022-03-10T14:08:51","date_gmt":"2022-03-10T13:08:51","guid":{"rendered":"https:\/\/pollmann.de\/produkt\/balkenschuh-typ-a-aussen-zwischenmasse\/"},"modified":"2022-03-10T14:09:32","modified_gmt":"2022-03-10T13:09:32","slug":"balkenschuh-typ-a-aussen-zwischenmasse","status":"publish","type":"product","link":"https:\/\/pollmann.de\/fr\/produit\/balkenschuh-typ-a-aussen-zwischenmasse\/","title":{"rendered":"Support de poutre type A ext\u00e9rieur, dimensions interm\u00e9diaires"},"content":{"rendered":"<p>coud\u00e9 vers l&#039;ext\u00e9rieur, avec perforation combin\u00e9e, galvanis\u00e9 Sendzimir, marquage CE selon ETA-11\/0298<\/p>","protected":false},"excerpt":{"rendered":"<p>coud\u00e9 vers l&#039;ext\u00e9rieur, avec perforation combin\u00e9e, galvanis\u00e9 Sendzimir, marquage CE selon ETA-11\/0298<\/p>","protected":false},"featured_media":228180,"comment_status":"closed","ping_status":"closed","template":"","meta":{"_acf_changed":false,"_et_pb_use_builder":"","_et_pb_old_content":"","_et_gb_content_width":""},"product_brand":[],"product_cat":[1366,1263],"product_tag":[1377,1367,1375,1290,1291,1378,398,1373,1376],"class_list":{"0":"post-228839","1":"product","2":"type-product","3":"status-publish","4":"has-post-thumbnail","6":"product_cat-balkenschuhe","7":"product_cat-holzverbinder","8":"product_tag-aussen","9":"product_tag-balkenschuh","10":"product_tag-balkenschuhe","11":"product_tag-ce-kennzeichnung","12":"product_tag-ce-zulassung","13":"product_tag-eta11-0297","14":"product_tag-holzverbinder","15":"product_tag-sendzimirverzinkt","16":"product_tag-typ-a","17":"pa_varianten-balkenschuh-typ-a-aussen-100-x-170-mm","18":"pa_varianten-balkenschuh-typ-a-aussen-100-x-200-mm","19":"pa_varianten-balkenschuh-typ-a-aussen-120-x-190-mm","20":"pa_varianten-balkenschuh-typ-a-aussen-160-x-200-mm","21":"pa_varianten-balkenschuh-typ-a-aussen-180-x-220-mm","22":"pa_varianten-balkenschuh-typ-a-aussen-200-x-240-mm","23":"pa_varianten-balkenschuh-typ-a-aussen-32-x-144-mm","24":"pa_varianten-balkenschuh-typ-a-aussen-40-x-100-mm","25":"pa_varianten-balkenschuh-typ-a-aussen-40-x-140-mm","26":"pa_varianten-balkenschuh-typ-a-aussen-50-x-105-mm","27":"pa_varianten-balkenschuh-typ-a-aussen-60-x-130-mm","28":"pa_varianten-balkenschuh-typ-a-aussen-60-x-160-mm","29":"pa_varianten-balkenschuh-typ-a-aussen-63-x-98-mm","30":"pa_varianten-balkenschuh-typ-a-aussen-64-x-128-mm","31":"pa_varianten-balkenschuh-typ-a-aussen-64-x-158-mm","32":"pa_varianten-balkenschuh-typ-a-aussen-70-x-120-mm","33":"pa_varianten-balkenschuh-typ-a-aussen-76-x-122-mm","34":"pa_varianten-balkenschuh-typ-a-aussen-76-x-152-mm","35":"pa_varianten-balkenschuh-typ-a-aussen-76-x-182-mm","36":"pa_varianten-balkenschuh-typ-a-aussen-80-x-150-mm","37":"pa_varianten-balkenschuh-typ-a-aussen-80-x-210-mm","38":"pa_varianten-balkenschuh-typ-a-aussen-80x180-mm","39":"pa_varianten-balkenschuh-typ-a-aussen-90-x-145-mm","41":"first","42":"instock","43":"purchasable","44":"product-type-variable"},"acf":[],"_links":{"self":[{"href":"https:\/\/pollmann.de\/fr\/wp-json\/wp\/v2\/product\/228839","targetHints":{"allow":["GET"]}}],"collection":[{"href":"https:\/\/pollmann.de\/fr\/wp-json\/wp\/v2\/product"}],"about":[{"href":"https:\/\/pollmann.de\/fr\/wp-json\/wp\/v2\/types\/product"}],"replies":[{"embeddable":true,"href":"https:\/\/pollmann.de\/fr\/wp-json\/wp\/v2\/comments?post=228839"}],"wp:featuredmedia":[{"embeddable":true,"href":"https:\/\/pollmann.de\/fr\/wp-json\/wp\/v2\/media\/228180"}],"wp:attachment":[{"href":"https:\/\/pollmann.de\/fr\/wp-json\/wp\/v2\/media?parent=228839"}],"wp:term":[{"taxonomy":"product_brand","embeddable":true,"href":"https:\/\/pollmann.de\/fr\/wp-json\/wp\/v2\/product_brand?post=228839"},{"taxonomy":"product_cat","embeddable":true,"href":"https:\/\/pollmann.de\/fr\/wp-json\/wp\/v2\/product_cat?post=228839"},{"taxonomy":"product_tag","embeddable":true,"href":"https:\/\/pollmann.de\/fr\/wp-json\/wp\/v2\/product_tag?post=228839"}],"curies":[{"name":"wp","href":"https:\/\/api.w.org\/{rel}","templated":true}]}}