{"id":228837,"date":"2022-03-10T14:08:51","date_gmt":"2022-03-10T13:08:51","guid":{"rendered":"https:\/\/pollmann.de\/produkt\/knaggen\/"},"modified":"2022-03-10T14:09:45","modified_gmt":"2022-03-10T13:09:45","slug":"knaggen","status":"publish","type":"product","link":"https:\/\/pollmann.de\/fr\/produit\/knaggen\/","title":{"rendered":"Knaggen"},"content":{"rendered":"<p>sendzimir galvanis\u00e9, avec Agr\u00e9ment Technique Europ\u00e9en (ETA)<\/p>","protected":false},"excerpt":{"rendered":"<p>sendzimir galvanis\u00e9, avec Agr\u00e9ment Technique Europ\u00e9en (ETA)<\/p>","protected":false},"featured_media":228162,"comment_status":"closed","ping_status":"closed","template":"","meta":{"_acf_changed":false,"_et_pb_use_builder":"","_et_pb_old_content":"","_et_gb_content_width":""},"product_brand":[],"product_cat":[1263,1321],"product_tag":[1363,1290,398,1362],"class_list":{"0":"post-228837","1":"product","2":"type-product","3":"status-publish","4":"has-post-thumbnail","6":"product_cat-holzverbinder","7":"product_cat-spezialverbinder","8":"product_tag-befestigung-fuer-holz","9":"product_tag-ce-kennzeichnung","10":"product_tag-holzverbinder","11":"product_tag-knaggen","12":"pa_varianten-knaggen-130-x-75-x-2-mm","13":"pa_varianten-knaggen-170-x-95-x-2-mm","14":"pa_varianten-knaggen-90-x-45-x-2-mm","16":"first","17":"instock","18":"purchasable","19":"product-type-variable"},"acf":[],"_links":{"self":[{"href":"https:\/\/pollmann.de\/fr\/wp-json\/wp\/v2\/product\/228837","targetHints":{"allow":["GET"]}}],"collection":[{"href":"https:\/\/pollmann.de\/fr\/wp-json\/wp\/v2\/product"}],"about":[{"href":"https:\/\/pollmann.de\/fr\/wp-json\/wp\/v2\/types\/product"}],"replies":[{"embeddable":true,"href":"https:\/\/pollmann.de\/fr\/wp-json\/wp\/v2\/comments?post=228837"}],"wp:featuredmedia":[{"embeddable":true,"href":"https:\/\/pollmann.de\/fr\/wp-json\/wp\/v2\/media\/228162"}],"wp:attachment":[{"href":"https:\/\/pollmann.de\/fr\/wp-json\/wp\/v2\/media?parent=228837"}],"wp:term":[{"taxonomy":"product_brand","embeddable":true,"href":"https:\/\/pollmann.de\/fr\/wp-json\/wp\/v2\/product_brand?post=228837"},{"taxonomy":"product_cat","embeddable":true,"href":"https:\/\/pollmann.de\/fr\/wp-json\/wp\/v2\/product_cat?post=228837"},{"taxonomy":"product_tag","embeddable":true,"href":"https:\/\/pollmann.de\/fr\/wp-json\/wp\/v2\/product_tag?post=228837"}],"curies":[{"name":"wp","href":"https:\/\/api.w.org\/{rel}","templated":true}]}}