{"id":228817,"date":"2022-03-10T14:08:51","date_gmt":"2022-03-10T13:08:51","guid":{"rendered":"https:\/\/pollmann.de\/produkt\/winkelstreifenverbinder-schmal\/"},"modified":"2022-03-10T14:09:49","modified_gmt":"2022-03-10T13:09:49","slug":"winkelstreifenverbinder-schmal","status":"publish","type":"product","link":"https:\/\/pollmann.de\/fr\/produit\/winkelstreifenverbinder-schmal\/","title":{"rendered":"Connecteur de bande \u00e0 angle \u00e9troit"},"content":{"rendered":"<p>\u00e9troit, galvanis\u00e9 sendzimir<\/p>","protected":false},"excerpt":{"rendered":"<p>\u00e9troit, galvanis\u00e9 sendzimir<\/p>","protected":false},"featured_media":228125,"comment_status":"closed","ping_status":"closed","template":"","meta":{"_acf_changed":false,"_et_pb_use_builder":"","_et_pb_old_content":"","_et_gb_content_width":""},"product_brand":[],"product_cat":[1263,1269],"product_tag":[398,1283,1286,394],"class_list":{"0":"post-228817","1":"product","2":"type-product","3":"status-publish","4":"has-post-thumbnail","6":"product_cat-holzverbinder","7":"product_cat-winkelverbinder","8":"product_tag-holzverbinder","9":"product_tag-lochplattenwinkel","10":"product_tag-winkelstreifenverbinder","11":"product_tag-winkelverbinder","12":"pa_varianten-winkelstreifenverbinder-100-x-100-x-40-x-20-mm","13":"pa_varianten-winkelstreifenverbinder-75-x-75-x-40-x-20-mm","15":"first","16":"instock","17":"purchasable","18":"product-type-variable"},"acf":[],"_links":{"self":[{"href":"https:\/\/pollmann.de\/fr\/wp-json\/wp\/v2\/product\/228817","targetHints":{"allow":["GET"]}}],"collection":[{"href":"https:\/\/pollmann.de\/fr\/wp-json\/wp\/v2\/product"}],"about":[{"href":"https:\/\/pollmann.de\/fr\/wp-json\/wp\/v2\/types\/product"}],"replies":[{"embeddable":true,"href":"https:\/\/pollmann.de\/fr\/wp-json\/wp\/v2\/comments?post=228817"}],"wp:featuredmedia":[{"embeddable":true,"href":"https:\/\/pollmann.de\/fr\/wp-json\/wp\/v2\/media\/228125"}],"wp:attachment":[{"href":"https:\/\/pollmann.de\/fr\/wp-json\/wp\/v2\/media?parent=228817"}],"wp:term":[{"taxonomy":"product_brand","embeddable":true,"href":"https:\/\/pollmann.de\/fr\/wp-json\/wp\/v2\/product_brand?post=228817"},{"taxonomy":"product_cat","embeddable":true,"href":"https:\/\/pollmann.de\/fr\/wp-json\/wp\/v2\/product_cat?post=228817"},{"taxonomy":"product_tag","embeddable":true,"href":"https:\/\/pollmann.de\/fr\/wp-json\/wp\/v2\/product_tag?post=228817"}],"curies":[{"name":"wp","href":"https:\/\/api.w.org\/{rel}","templated":true}]}}