{"id":228547,"date":"2022-03-10T13:59:12","date_gmt":"2022-03-10T12:59:12","guid":{"rendered":"https:\/\/pollmann.de\/produkt\/drahtueberfalle-mit-oese-hell-verzinkt\/"},"modified":"2022-03-10T13:59:46","modified_gmt":"2022-03-10T12:59:46","slug":"drahtueberfalle-mit-oese-hell-verzinkt","status":"publish","type":"product","link":"https:\/\/pollmann.de\/fr\/produit\/drahtueberfalle-mit-oese-hell-verzinkt\/","title":{"rendered":"Pi\u00e8ge \u00e0 fil avec \u0153illet, galvanis\u00e9 brillant"},"content":{"rendered":"<p>Fermoir compos\u00e9 d&#039;une boucle et d&#039;un \u0153illet 27 x 22 mm, galvanis\u00e9 brillant<\/p>","protected":false},"excerpt":{"rendered":"<p>Fermoir compos\u00e9 d&#039;une boucle et d&#039;un \u0153illet 27 x 22 mm, galvanis\u00e9 brillant<\/p>","protected":false},"featured_media":227972,"comment_status":"closed","ping_status":"closed","template":"","meta":{"_acf_changed":false,"_et_pb_use_builder":"on","_et_pb_old_content":"Verschluss bestehend aus Schlaufe und \u00d6se 27 x 22 mm, hell verzinkt","_et_gb_content_width":""},"product_brand":[],"product_cat":[454,324],"product_tag":[134,132,133,131],"class_list":{"0":"post-228547","1":"product","2":"type-product","3":"status-publish","4":"has-post-thumbnail","6":"product_cat-kistenbeschlaege","7":"product_cat-kleineisenwaren","8":"product_tag-fensterladen","9":"product_tag-feststeller","10":"product_tag-klappladen","11":"product_tag-verschluss","12":"pa_varianten-drahtueberfalle-mit-oese-100-mm-hell-verzinkt","13":"pa_varianten-drahtueberfalle-mit-oese-120-mm-hell-verzinkt","14":"pa_varianten-drahtueberfalle-mit-oese-80-mm-hell-verzinkt","16":"first","17":"instock","18":"purchasable","19":"product-type-variable"},"acf":[],"_links":{"self":[{"href":"https:\/\/pollmann.de\/fr\/wp-json\/wp\/v2\/product\/228547","targetHints":{"allow":["GET"]}}],"collection":[{"href":"https:\/\/pollmann.de\/fr\/wp-json\/wp\/v2\/product"}],"about":[{"href":"https:\/\/pollmann.de\/fr\/wp-json\/wp\/v2\/types\/product"}],"replies":[{"embeddable":true,"href":"https:\/\/pollmann.de\/fr\/wp-json\/wp\/v2\/comments?post=228547"}],"wp:featuredmedia":[{"embeddable":true,"href":"https:\/\/pollmann.de\/fr\/wp-json\/wp\/v2\/media\/227972"}],"wp:attachment":[{"href":"https:\/\/pollmann.de\/fr\/wp-json\/wp\/v2\/media?parent=228547"}],"wp:term":[{"taxonomy":"product_brand","embeddable":true,"href":"https:\/\/pollmann.de\/fr\/wp-json\/wp\/v2\/product_brand?post=228547"},{"taxonomy":"product_cat","embeddable":true,"href":"https:\/\/pollmann.de\/fr\/wp-json\/wp\/v2\/product_cat?post=228547"},{"taxonomy":"product_tag","embeddable":true,"href":"https:\/\/pollmann.de\/fr\/wp-json\/wp\/v2\/product_tag?post=228547"}],"curies":[{"name":"wp","href":"https:\/\/api.w.org\/{rel}","templated":true}]}}