{"id":228533,"date":"2022-03-10T13:59:12","date_gmt":"2022-03-10T12:59:12","guid":{"rendered":"https:\/\/pollmann.de\/produkt\/scharnier-breit\/"},"modified":"2022-03-10T14:00:11","modified_gmt":"2022-03-10T13:00:11","slug":"scharnier-breit","status":"publish","type":"product","link":"https:\/\/pollmann.de\/fr\/produit\/scharnier-breit\/","title":{"rendered":"Charni\u00e8re large"},"content":{"rendered":"<p>avec trous de vis frais\u00e9s et goupille en laiton s\u00e9curis\u00e9e \u00d8 3 mm<\/p>","protected":false},"excerpt":{"rendered":"<p>avec trous de vis frais\u00e9s et goupille en laiton s\u00e9curis\u00e9e \u00d8 3 mm<\/p>","protected":false},"featured_media":227709,"comment_status":"closed","ping_status":"closed","template":"","meta":{"_acf_changed":false,"_et_pb_use_builder":"","_et_pb_old_content":"","_et_gb_content_width":""},"product_brand":[],"product_cat":[324,498],"product_tag":[511,97,510,514,512,513],"class_list":{"0":"post-228533","1":"product","2":"type-product","3":"status-publish","4":"has-post-thumbnail","6":"product_cat-kleineisenwaren","7":"product_cat-scharniere","8":"product_tag-halbbreite-scharniere","9":"product_tag-pollmann","10":"product_tag-schmale-scharniere","11":"product_tag-starke-scharniere","12":"product_tag-tischband","13":"product_tag-tischbaender","14":"pa_varianten-scharnier-breit-105-x-70-mm-hell-verzinkt","15":"pa_varianten-scharnier-breit-45-x-30-mm-hell-verzinkt","16":"pa_varianten-scharnier-breit-72-x-50-mm-hell-verzinkt","17":"pa_varianten-scharnier-breit-90-x-60-mm-hell-verzinkt","18":"pa_varianten-scharnier-breit-120-x-80-mm-hell-verzinkt","19":"pa_varianten-scharnier-breit-145-x-100-mm-hell-verzinkt","20":"pa_varianten-scharnier-breit-60-x-40-mm-hell-verzinkt","22":"first","23":"instock","24":"purchasable","25":"product-type-variable"},"acf":[],"_links":{"self":[{"href":"https:\/\/pollmann.de\/fr\/wp-json\/wp\/v2\/product\/228533","targetHints":{"allow":["GET"]}}],"collection":[{"href":"https:\/\/pollmann.de\/fr\/wp-json\/wp\/v2\/product"}],"about":[{"href":"https:\/\/pollmann.de\/fr\/wp-json\/wp\/v2\/types\/product"}],"replies":[{"embeddable":true,"href":"https:\/\/pollmann.de\/fr\/wp-json\/wp\/v2\/comments?post=228533"}],"wp:featuredmedia":[{"embeddable":true,"href":"https:\/\/pollmann.de\/fr\/wp-json\/wp\/v2\/media\/227709"}],"wp:attachment":[{"href":"https:\/\/pollmann.de\/fr\/wp-json\/wp\/v2\/media?parent=228533"}],"wp:term":[{"taxonomy":"product_brand","embeddable":true,"href":"https:\/\/pollmann.de\/fr\/wp-json\/wp\/v2\/product_brand?post=228533"},{"taxonomy":"product_cat","embeddable":true,"href":"https:\/\/pollmann.de\/fr\/wp-json\/wp\/v2\/product_cat?post=228533"},{"taxonomy":"product_tag","embeddable":true,"href":"https:\/\/pollmann.de\/fr\/wp-json\/wp\/v2\/product_tag?post=228533"}],"curies":[{"name":"wp","href":"https:\/\/api.w.org\/{rel}","templated":true}]}}