{"id":228529,"date":"2022-03-10T13:59:12","date_gmt":"2022-03-10T12:59:12","guid":{"rendered":"https:\/\/pollmann.de\/produkt\/scharnier-kaentig-aus-edelstahl\/"},"modified":"2022-03-10T13:59:59","modified_gmt":"2022-03-10T12:59:59","slug":"scharnier-kaentig-aus-edelstahl","status":"publish","type":"product","link":"https:\/\/pollmann.de\/fr\/produit\/scharnier-kaentig-aus-edelstahl\/","title":{"rendered":"Charni\u00e8re \u00e0 bords en acier inoxydable"},"content":{"rendered":"<p>avec trous de vis frais\u00e9s et goupille s\u00e9curis\u00e9e en acier inoxydable \u00d8 3 mm<\/p>","protected":false},"excerpt":{"rendered":"<p>avec trous de vis frais\u00e9s et goupille s\u00e9curis\u00e9e en acier inoxydable \u00d8 3 mm<\/p>","protected":false},"featured_media":227878,"comment_status":"closed","ping_status":"closed","template":"","meta":{"_acf_changed":false,"_et_pb_use_builder":"","_et_pb_old_content":"","_et_gb_content_width":""},"product_brand":[],"product_cat":[324,498],"product_tag":[257,97,465,522,523],"class_list":{"0":"post-228529","1":"product","2":"type-product","3":"status-publish","4":"has-post-thumbnail","6":"product_cat-kleineisenwaren","7":"product_cat-scharniere","8":"product_tag-edelstahl","9":"product_tag-pollmann","10":"product_tag-scharnier","11":"product_tag-scharniere-stark","12":"product_tag-v2a","13":"pa_varianten-scharnier-kaentig-100-x-100-mm-v2a","14":"pa_varianten-scharnier-kaentig-30-x-30-mm-v2a","15":"pa_varianten-scharnier-kaentig-40-x-40-mm-v2a","16":"pa_varianten-scharnier-kaentig-50-x-50-mm-v2a","17":"pa_varianten-scharnier-kaentig-60-x-60-mm-v2a","18":"pa_varianten-scharnier-kaentig-80-x-80-mm-v2a","20":"first","21":"instock","22":"purchasable","23":"product-type-variable"},"acf":[],"_links":{"self":[{"href":"https:\/\/pollmann.de\/fr\/wp-json\/wp\/v2\/product\/228529","targetHints":{"allow":["GET"]}}],"collection":[{"href":"https:\/\/pollmann.de\/fr\/wp-json\/wp\/v2\/product"}],"about":[{"href":"https:\/\/pollmann.de\/fr\/wp-json\/wp\/v2\/types\/product"}],"replies":[{"embeddable":true,"href":"https:\/\/pollmann.de\/fr\/wp-json\/wp\/v2\/comments?post=228529"}],"wp:featuredmedia":[{"embeddable":true,"href":"https:\/\/pollmann.de\/fr\/wp-json\/wp\/v2\/media\/227878"}],"wp:attachment":[{"href":"https:\/\/pollmann.de\/fr\/wp-json\/wp\/v2\/media?parent=228529"}],"wp:term":[{"taxonomy":"product_brand","embeddable":true,"href":"https:\/\/pollmann.de\/fr\/wp-json\/wp\/v2\/product_brand?post=228529"},{"taxonomy":"product_cat","embeddable":true,"href":"https:\/\/pollmann.de\/fr\/wp-json\/wp\/v2\/product_cat?post=228529"},{"taxonomy":"product_tag","embeddable":true,"href":"https:\/\/pollmann.de\/fr\/wp-json\/wp\/v2\/product_tag?post=228529"}],"curies":[{"name":"wp","href":"https:\/\/api.w.org\/{rel}","templated":true}]}}