{"id":228523,"date":"2022-03-10T13:59:12","date_gmt":"2022-03-10T12:59:12","guid":{"rendered":"https:\/\/pollmann.de\/produkt\/stuhlwinkel-aus-edelstahl\/"},"modified":"2022-03-10T14:00:03","modified_gmt":"2022-03-10T13:00:03","slug":"stuhlwinkel-aus-edelstahl","status":"publish","type":"product","link":"https:\/\/pollmann.de\/fr\/produit\/stuhlwinkel-aus-edelstahl\/","title":{"rendered":"Angle de chaise en acier inoxydable"},"content":{"rendered":"<p>Angle lumineux avec trous encastr\u00e9s \u00e0 l&#039;int\u00e9rieur et \u00e0 l&#039;ext\u00e9rieur, utilisation universelle<\/p>","protected":false},"excerpt":{"rendered":"<p>Angle lumineux avec trous encastr\u00e9s \u00e0 l&#039;int\u00e9rieur et \u00e0 l&#039;ext\u00e9rieur, utilisation universelle<\/p>","protected":false},"featured_media":227978,"comment_status":"closed","ping_status":"closed","template":"","meta":{"_acf_changed":false,"_et_pb_use_builder":"","_et_pb_old_content":"","_et_gb_content_width":""},"product_brand":[],"product_cat":[324,374],"product_tag":[352,382,97,393,385,394],"class_list":{"0":"post-228523","1":"product","2":"type-product","3":"status-publish","4":"has-post-thumbnail","6":"product_cat-kleineisenwaren","7":"product_cat-winkel-und-verbinder","8":"product_tag-eisenwaren","9":"product_tag-moebelwinkel","10":"product_tag-pollmann","11":"product_tag-stuhlwinkel","12":"product_tag-winkel","13":"product_tag-winkelverbinder","14":"pa_varianten-stuhlwinkel-100-x-100-mm-aus-edelstahl","15":"pa_varianten-stuhlwinkel-40-x-40-mm-aus-edelstahl","16":"pa_varianten-stuhlwinkel-50-x-50-mm-aus-edelstahl","17":"pa_varianten-stuhlwinkel-60-x-60-mm-aus-edelstahl","18":"pa_varianten-stuhlwinkel-80-x-80-mm-aus-edelstahl","20":"first","21":"instock","22":"purchasable","23":"product-type-variable"},"acf":[],"_links":{"self":[{"href":"https:\/\/pollmann.de\/fr\/wp-json\/wp\/v2\/product\/228523","targetHints":{"allow":["GET"]}}],"collection":[{"href":"https:\/\/pollmann.de\/fr\/wp-json\/wp\/v2\/product"}],"about":[{"href":"https:\/\/pollmann.de\/fr\/wp-json\/wp\/v2\/types\/product"}],"replies":[{"embeddable":true,"href":"https:\/\/pollmann.de\/fr\/wp-json\/wp\/v2\/comments?post=228523"}],"wp:featuredmedia":[{"embeddable":true,"href":"https:\/\/pollmann.de\/fr\/wp-json\/wp\/v2\/media\/227978"}],"wp:attachment":[{"href":"https:\/\/pollmann.de\/fr\/wp-json\/wp\/v2\/media?parent=228523"}],"wp:term":[{"taxonomy":"product_brand","embeddable":true,"href":"https:\/\/pollmann.de\/fr\/wp-json\/wp\/v2\/product_brand?post=228523"},{"taxonomy":"product_cat","embeddable":true,"href":"https:\/\/pollmann.de\/fr\/wp-json\/wp\/v2\/product_cat?post=228523"},{"taxonomy":"product_tag","embeddable":true,"href":"https:\/\/pollmann.de\/fr\/wp-json\/wp\/v2\/product_tag?post=228523"}],"curies":[{"name":"wp","href":"https:\/\/api.w.org\/{rel}","templated":true}]}}