{"id":228511,"date":"2022-03-10T13:59:12","date_gmt":"2022-03-10T12:59:12","guid":{"rendered":"https:\/\/pollmann.de\/produkt\/verputzhaken-eisenroh\/"},"modified":"2022-03-10T14:00:12","modified_gmt":"2022-03-10T13:00:12","slug":"verputzhaken-eisenroh","status":"publish","type":"product","link":"https:\/\/pollmann.de\/fr\/produit\/verputzhaken-eisenroh\/","title":{"rendered":"Crochet \u00e0 pl\u00e2trer, fer brut"},"content":{"rendered":"<p>Ressort et goupille forg\u00e9s, goupille tremp\u00e9e<\/p>","protected":false},"excerpt":{"rendered":"<p>Ressort et goupille forg\u00e9s, goupille tremp\u00e9e<\/p>","protected":false},"featured_media":228005,"comment_status":"closed","ping_status":"closed","template":"","meta":{"_acf_changed":false,"_et_pb_use_builder":"","_et_pb_old_content":"","_et_gb_content_width":""},"product_brand":[],"product_cat":[401,324],"product_tag":[404,403,402],"class_list":{"0":"post-228511","1":"product","2":"type-product","3":"status-publish","4":"has-post-thumbnail","6":"product_cat-bauartikel","7":"product_cat-kleineisenwaren","8":"product_tag-befestiungsmittel","9":"product_tag-ixierhaken","10":"product_tag-verputzhaken","11":"pa_varianten-verputzhaken-mit-vierkantstift-11-mm-160-mm-lang-eisenroh","12":"pa_varianten-verputzhaken-o-10-x-160-mm-eisenroh","14":"first","15":"instock","16":"purchasable","17":"product-type-variable"},"acf":[],"_links":{"self":[{"href":"https:\/\/pollmann.de\/fr\/wp-json\/wp\/v2\/product\/228511","targetHints":{"allow":["GET"]}}],"collection":[{"href":"https:\/\/pollmann.de\/fr\/wp-json\/wp\/v2\/product"}],"about":[{"href":"https:\/\/pollmann.de\/fr\/wp-json\/wp\/v2\/types\/product"}],"replies":[{"embeddable":true,"href":"https:\/\/pollmann.de\/fr\/wp-json\/wp\/v2\/comments?post=228511"}],"wp:featuredmedia":[{"embeddable":true,"href":"https:\/\/pollmann.de\/fr\/wp-json\/wp\/v2\/media\/228005"}],"wp:attachment":[{"href":"https:\/\/pollmann.de\/fr\/wp-json\/wp\/v2\/media?parent=228511"}],"wp:term":[{"taxonomy":"product_brand","embeddable":true,"href":"https:\/\/pollmann.de\/fr\/wp-json\/wp\/v2\/product_brand?post=228511"},{"taxonomy":"product_cat","embeddable":true,"href":"https:\/\/pollmann.de\/fr\/wp-json\/wp\/v2\/product_cat?post=228511"},{"taxonomy":"product_tag","embeddable":true,"href":"https:\/\/pollmann.de\/fr\/wp-json\/wp\/v2\/product_tag?post=228511"}],"curies":[{"name":"wp","href":"https:\/\/api.w.org\/{rel}","templated":true}]}}