{"id":228507,"date":"2022-03-10T13:59:12","date_gmt":"2022-03-10T12:59:12","guid":{"rendered":"https:\/\/pollmann.de\/produkt\/fensterriegel-mit-schliessblech\/"},"modified":"2022-03-10T13:59:45","modified_gmt":"2022-03-10T12:59:45","slug":"fensterriegel-mit-schliessblech","status":"publish","type":"product","link":"https:\/\/pollmann.de\/fr\/produit\/fensterriegel-mit-schliessblech\/","title":{"rendered":"Loquet de fen\u00eatre avec g\u00e2che"},"content":{"rendered":"<p>avec g\u00e2che<\/p>","protected":false},"excerpt":{"rendered":"<p>avec g\u00e2che<\/p>","protected":false},"featured_media":227683,"comment_status":"closed","ping_status":"closed","template":"","meta":{"_acf_changed":false,"_et_pb_use_builder":"","_et_pb_old_content":"","_et_gb_content_width":""},"product_brand":[],"product_cat":[324,344],"product_tag":[352,364,551,97,350,131],"class_list":{"0":"post-228507","1":"product","2":"type-product","3":"status-publish","4":"has-post-thumbnail","6":"product_cat-kleineisenwaren","7":"product_cat-riegel","8":"product_tag-eisenwaren","9":"product_tag-fensterriegel","10":"product_tag-gekroepft","11":"product_tag-pollmann","12":"product_tag-riegel","13":"product_tag-verschluss","14":"pa_varianten-fensterriegel-100-mm-gekroepft-hell-verzinkt","15":"pa_varianten-fensterriegel-60-mm-gekroepft-hell-verzinkt","16":"pa_varianten-fensterriegel-80-mm-gekroepft-hell-verzinkt","18":"first","19":"instock","20":"purchasable","21":"product-type-variable"},"acf":[],"_links":{"self":[{"href":"https:\/\/pollmann.de\/fr\/wp-json\/wp\/v2\/product\/228507","targetHints":{"allow":["GET"]}}],"collection":[{"href":"https:\/\/pollmann.de\/fr\/wp-json\/wp\/v2\/product"}],"about":[{"href":"https:\/\/pollmann.de\/fr\/wp-json\/wp\/v2\/types\/product"}],"replies":[{"embeddable":true,"href":"https:\/\/pollmann.de\/fr\/wp-json\/wp\/v2\/comments?post=228507"}],"wp:featuredmedia":[{"embeddable":true,"href":"https:\/\/pollmann.de\/fr\/wp-json\/wp\/v2\/media\/227683"}],"wp:attachment":[{"href":"https:\/\/pollmann.de\/fr\/wp-json\/wp\/v2\/media?parent=228507"}],"wp:term":[{"taxonomy":"product_brand","embeddable":true,"href":"https:\/\/pollmann.de\/fr\/wp-json\/wp\/v2\/product_brand?post=228507"},{"taxonomy":"product_cat","embeddable":true,"href":"https:\/\/pollmann.de\/fr\/wp-json\/wp\/v2\/product_cat?post=228507"},{"taxonomy":"product_tag","embeddable":true,"href":"https:\/\/pollmann.de\/fr\/wp-json\/wp\/v2\/product_tag?post=228507"}],"curies":[{"name":"wp","href":"https:\/\/api.w.org\/{rel}","templated":true}]}}