{"id":228504,"date":"2022-03-10T13:59:12","date_gmt":"2022-03-10T12:59:12","guid":{"rendered":"https:\/\/pollmann.de\/produkt\/ziernaegel\/"},"modified":"2022-03-10T13:59:45","modified_gmt":"2022-03-10T12:59:45","slug":"ziernaegel","status":"publish","type":"product","link":"https:\/\/pollmann.de\/fr\/produit\/ziernaegel\/","title":{"rendered":"ongles d\u00e9coratifs"},"content":{"rendered":"<p>forg\u00e9 et martel\u00e9 \u00e0 cinq coups, avec un point d&#039;impact<\/p>","protected":false},"excerpt":{"rendered":"<p>forg\u00e9 et martel\u00e9 \u00e0 cinq coups, avec un point d&#039;impact<\/p>","protected":false},"featured_media":228065,"comment_status":"closed","ping_status":"closed","template":"","meta":{"_acf_changed":false,"_et_pb_use_builder":"","_et_pb_old_content":"","_et_gb_content_width":""},"product_brand":[],"product_cat":[454,324],"product_tag":[336,337,335],"class_list":{"0":"post-228504","1":"product","2":"type-product","3":"status-publish","4":"has-post-thumbnail","6":"product_cat-kistenbeschlaege","7":"product_cat-kleineisenwaren","8":"product_tag-decknagel","9":"product_tag-kistennagel","10":"product_tag-ziernagel","11":"pa_varianten-ziernaegel-o-13-mm-gehaemmert","12":"pa_varianten-ziernaegel-o-16-mm-gehaemmert","13":"pa_varianten-ziernaegel-o-19-mm-gehaemmert","14":"pa_varianten-ziernaegel-o-25-mm-gehaemmert","16":"first","17":"instock","18":"purchasable","19":"product-type-variable"},"acf":[],"_links":{"self":[{"href":"https:\/\/pollmann.de\/fr\/wp-json\/wp\/v2\/product\/228504","targetHints":{"allow":["GET"]}}],"collection":[{"href":"https:\/\/pollmann.de\/fr\/wp-json\/wp\/v2\/product"}],"about":[{"href":"https:\/\/pollmann.de\/fr\/wp-json\/wp\/v2\/types\/product"}],"replies":[{"embeddable":true,"href":"https:\/\/pollmann.de\/fr\/wp-json\/wp\/v2\/comments?post=228504"}],"wp:featuredmedia":[{"embeddable":true,"href":"https:\/\/pollmann.de\/fr\/wp-json\/wp\/v2\/media\/228065"}],"wp:attachment":[{"href":"https:\/\/pollmann.de\/fr\/wp-json\/wp\/v2\/media?parent=228504"}],"wp:term":[{"taxonomy":"product_brand","embeddable":true,"href":"https:\/\/pollmann.de\/fr\/wp-json\/wp\/v2\/product_brand?post=228504"},{"taxonomy":"product_cat","embeddable":true,"href":"https:\/\/pollmann.de\/fr\/wp-json\/wp\/v2\/product_cat?post=228504"},{"taxonomy":"product_tag","embeddable":true,"href":"https:\/\/pollmann.de\/fr\/wp-json\/wp\/v2\/product_tag?post=228504"}],"curies":[{"name":"wp","href":"https:\/\/api.w.org\/{rel}","templated":true}]}}