{"id":228498,"date":"2022-03-10T13:59:12","date_gmt":"2022-03-10T12:59:12","guid":{"rendered":"https:\/\/pollmann.de\/produkt\/kistengriff-hell-verzinkt\/"},"modified":"2022-03-10T13:59:41","modified_gmt":"2022-03-10T12:59:41","slug":"kistengriff-hell-verzinkt","status":"publish","type":"product","link":"https:\/\/pollmann.de\/fr\/produit\/kistengriff-hell-verzinkt\/","title":{"rendered":"Poign\u00e9e de bo\u00eete, galvanis\u00e9e brillante"},"content":{"rendered":"<p>avec trous encastr\u00e9s<\/p>","protected":false},"excerpt":{"rendered":"<p>avec trous encastr\u00e9s<\/p>","protected":false},"featured_media":227974,"comment_status":"closed","ping_status":"closed","template":"","meta":{"_acf_changed":false,"_et_pb_use_builder":"","_et_pb_old_content":"","_et_gb_content_width":""},"product_brand":[],"product_cat":[454,324],"product_tag":[460,461],"class_list":{"0":"post-228498","1":"product","2":"type-product","3":"status-publish","4":"has-post-thumbnail","6":"product_cat-kistenbeschlaege","7":"product_cat-kleineisenwaren","8":"product_tag-kistengriff","9":"product_tag-stahlgriff","10":"pa_varianten-kistengriff-105-x-85-mm-hell-verzinkt","11":"pa_varianten-kistengriff-120-x-85-mm-hell-verzinkt","13":"first","14":"instock","15":"purchasable","16":"product-type-variable"},"acf":[],"_links":{"self":[{"href":"https:\/\/pollmann.de\/fr\/wp-json\/wp\/v2\/product\/228498","targetHints":{"allow":["GET"]}}],"collection":[{"href":"https:\/\/pollmann.de\/fr\/wp-json\/wp\/v2\/product"}],"about":[{"href":"https:\/\/pollmann.de\/fr\/wp-json\/wp\/v2\/types\/product"}],"replies":[{"embeddable":true,"href":"https:\/\/pollmann.de\/fr\/wp-json\/wp\/v2\/comments?post=228498"}],"wp:featuredmedia":[{"embeddable":true,"href":"https:\/\/pollmann.de\/fr\/wp-json\/wp\/v2\/media\/227974"}],"wp:attachment":[{"href":"https:\/\/pollmann.de\/fr\/wp-json\/wp\/v2\/media?parent=228498"}],"wp:term":[{"taxonomy":"product_brand","embeddable":true,"href":"https:\/\/pollmann.de\/fr\/wp-json\/wp\/v2\/product_brand?post=228498"},{"taxonomy":"product_cat","embeddable":true,"href":"https:\/\/pollmann.de\/fr\/wp-json\/wp\/v2\/product_cat?post=228498"},{"taxonomy":"product_tag","embeddable":true,"href":"https:\/\/pollmann.de\/fr\/wp-json\/wp\/v2\/product_tag?post=228498"}],"curies":[{"name":"wp","href":"https:\/\/api.w.org\/{rel}","templated":true}]}}