{"id":228491,"date":"2022-03-10T13:59:12","date_gmt":"2022-03-10T12:59:12","guid":{"rendered":"https:\/\/pollmann.de\/produkt\/konsole-t-profil-feuerverzinkt\/"},"modified":"2022-03-10T14:00:06","modified_gmt":"2022-03-10T13:00:06","slug":"konsole-t-profil-feuerverzinkt","status":"publish","type":"product","link":"https:\/\/pollmann.de\/fr\/produit\/konsole-t-profil-feuerverzinkt\/","title":{"rendered":"Console profil\u00e9e en T, galvanis\u00e9e \u00e0 chaud"},"content":{"rendered":"<p>Supports d&#039;\u00e9tag\u00e8res pour charges extr\u00eames<\/p>","protected":false},"excerpt":{"rendered":"<p>Supports d&#039;\u00e9tag\u00e8res pour charges extr\u00eames<\/p>","protected":false},"featured_media":228006,"comment_status":"closed","ping_status":"closed","template":"","meta":{"_acf_changed":false,"_et_pb_use_builder":"","_et_pb_old_content":"","_et_gb_content_width":""},"product_brand":[],"product_cat":[324,414],"product_tag":[415,2509,416],"class_list":{"0":"post-228491","1":"product","2":"type-product","3":"status-publish","4":"has-post-thumbnail","6":"product_cat-kleineisenwaren","7":"product_cat-konsolen","8":"product_tag-konsole","9":"product_tag-regaltraeger","10":"product_tag-stuetze","11":"pa_varianten-konsole-t-profil-200-x-250-feuerverzinkt","12":"pa_varianten-konsole-t-profil-250-x-300-feuerverzinkt","13":"pa_varianten-konsole-t-profil-300-x-400-feuerverzinkt","14":"pa_varianten-konsole-t-profil-300x-550-feuerverzinkt","16":"first","17":"instock","18":"purchasable","19":"product-type-variable"},"acf":[],"_links":{"self":[{"href":"https:\/\/pollmann.de\/fr\/wp-json\/wp\/v2\/product\/228491","targetHints":{"allow":["GET"]}}],"collection":[{"href":"https:\/\/pollmann.de\/fr\/wp-json\/wp\/v2\/product"}],"about":[{"href":"https:\/\/pollmann.de\/fr\/wp-json\/wp\/v2\/types\/product"}],"replies":[{"embeddable":true,"href":"https:\/\/pollmann.de\/fr\/wp-json\/wp\/v2\/comments?post=228491"}],"wp:featuredmedia":[{"embeddable":true,"href":"https:\/\/pollmann.de\/fr\/wp-json\/wp\/v2\/media\/228006"}],"wp:attachment":[{"href":"https:\/\/pollmann.de\/fr\/wp-json\/wp\/v2\/media?parent=228491"}],"wp:term":[{"taxonomy":"product_brand","embeddable":true,"href":"https:\/\/pollmann.de\/fr\/wp-json\/wp\/v2\/product_brand?post=228491"},{"taxonomy":"product_cat","embeddable":true,"href":"https:\/\/pollmann.de\/fr\/wp-json\/wp\/v2\/product_cat?post=228491"},{"taxonomy":"product_tag","embeddable":true,"href":"https:\/\/pollmann.de\/fr\/wp-json\/wp\/v2\/product_tag?post=228491"}],"curies":[{"name":"wp","href":"https:\/\/api.w.org\/{rel}","templated":true}]}}