{"id":228484,"date":"2022-03-10T13:59:12","date_gmt":"2022-03-10T12:59:12","guid":{"rendered":"https:\/\/pollmann.de\/produkt\/gelaenderstuetze-zum-aufschrauben\/"},"modified":"2022-03-10T13:59:17","modified_gmt":"2022-03-10T12:59:17","slug":"gelaenderstuetze-zum-aufschrauben","status":"publish","type":"product","link":"https:\/\/pollmann.de\/fr\/produit\/gelaenderstuetze-zum-aufschrauben\/","title":{"rendered":"Support de garde-corps \u00e0 visser"},"content":{"rendered":"<p>convient aux mains courantes rondes, plaque \u00e0 visser \u00d8 50 mm<\/p>","protected":false},"excerpt":{"rendered":"<p>convient aux mains courantes rondes, plaque \u00e0 visser \u00d8 50 mm<\/p>","protected":false},"featured_media":227996,"comment_status":"closed","ping_status":"closed","template":"","meta":{"_acf_changed":false,"_et_pb_use_builder":"","_et_pb_old_content":"","_et_gb_content_width":""},"product_brand":[],"product_cat":[2502,324],"product_tag":[326,328,327,329,106],"class_list":{"0":"post-228484","1":"product","2":"type-product","3":"status-publish","4":"has-post-thumbnail","6":"product_cat-halter-und-schlaufen","7":"product_cat-kleineisenwaren","8":"product_tag-gelaenderstuetze","9":"product_tag-handlaufhalter","10":"product_tag-stuetze-fuer-handlaeufe","11":"product_tag-verzinkt","12":"product_tag-zum-anschrauben","13":"pa_varianten-gelaenderstuetze-zum-aufschrauben","15":"first","16":"instock","17":"product-type-simple"},"acf":[],"_links":{"self":[{"href":"https:\/\/pollmann.de\/fr\/wp-json\/wp\/v2\/product\/228484","targetHints":{"allow":["GET"]}}],"collection":[{"href":"https:\/\/pollmann.de\/fr\/wp-json\/wp\/v2\/product"}],"about":[{"href":"https:\/\/pollmann.de\/fr\/wp-json\/wp\/v2\/types\/product"}],"replies":[{"embeddable":true,"href":"https:\/\/pollmann.de\/fr\/wp-json\/wp\/v2\/comments?post=228484"}],"wp:featuredmedia":[{"embeddable":true,"href":"https:\/\/pollmann.de\/fr\/wp-json\/wp\/v2\/media\/227996"}],"wp:attachment":[{"href":"https:\/\/pollmann.de\/fr\/wp-json\/wp\/v2\/media?parent=228484"}],"wp:term":[{"taxonomy":"product_brand","embeddable":true,"href":"https:\/\/pollmann.de\/fr\/wp-json\/wp\/v2\/product_brand?post=228484"},{"taxonomy":"product_cat","embeddable":true,"href":"https:\/\/pollmann.de\/fr\/wp-json\/wp\/v2\/product_cat?post=228484"},{"taxonomy":"product_tag","embeddable":true,"href":"https:\/\/pollmann.de\/fr\/wp-json\/wp\/v2\/product_tag?post=228484"}],"curies":[{"name":"wp","href":"https:\/\/api.w.org\/{rel}","templated":true}]}}