{"id":228483,"date":"2022-03-10T13:59:12","date_gmt":"2022-03-10T12:59:12","guid":{"rendered":"https:\/\/pollmann.de\/produkt\/kistengriff-105-x-80-mm-edelstahl\/"},"modified":"2022-03-10T13:59:17","modified_gmt":"2022-03-10T12:59:17","slug":"kistengriff-105-x-80-mm-edelstahl","status":"publish","type":"product","link":"https:\/\/pollmann.de\/fr\/produit\/kistengriff-105-x-80-mm-edelstahl\/","title":{"rendered":"Poign\u00e9e de bo\u00eete 105 x 80 mm, acier inoxydable"},"content":{"rendered":"<p>avec trous encastr\u00e9s<\/p>","protected":false},"excerpt":{"rendered":"<p>avec trous encastr\u00e9s<\/p>","protected":false},"featured_media":227904,"comment_status":"closed","ping_status":"closed","template":"","meta":{"_acf_changed":false,"_et_pb_use_builder":"on","_et_pb_old_content":"mit versenkter Lochung","_et_gb_content_width":""},"product_brand":[],"product_cat":[454,324],"product_tag":[340,341,460,461],"class_list":{"0":"post-228483","1":"product","2":"type-product","3":"status-publish","4":"has-post-thumbnail","6":"product_cat-kistenbeschlaege","7":"product_cat-kleineisenwaren","8":"product_tag-griff","9":"product_tag-handgriff","10":"product_tag-kistengriff","11":"product_tag-stahlgriff","12":"pa_varianten-kistengriff-105-x-80-mm-edelstahl","14":"first","15":"instock","16":"product-type-simple"},"acf":[],"_links":{"self":[{"href":"https:\/\/pollmann.de\/fr\/wp-json\/wp\/v2\/product\/228483","targetHints":{"allow":["GET"]}}],"collection":[{"href":"https:\/\/pollmann.de\/fr\/wp-json\/wp\/v2\/product"}],"about":[{"href":"https:\/\/pollmann.de\/fr\/wp-json\/wp\/v2\/types\/product"}],"replies":[{"embeddable":true,"href":"https:\/\/pollmann.de\/fr\/wp-json\/wp\/v2\/comments?post=228483"}],"wp:featuredmedia":[{"embeddable":true,"href":"https:\/\/pollmann.de\/fr\/wp-json\/wp\/v2\/media\/227904"}],"wp:attachment":[{"href":"https:\/\/pollmann.de\/fr\/wp-json\/wp\/v2\/media?parent=228483"}],"wp:term":[{"taxonomy":"product_brand","embeddable":true,"href":"https:\/\/pollmann.de\/fr\/wp-json\/wp\/v2\/product_brand?post=228483"},{"taxonomy":"product_cat","embeddable":true,"href":"https:\/\/pollmann.de\/fr\/wp-json\/wp\/v2\/product_cat?post=228483"},{"taxonomy":"product_tag","embeddable":true,"href":"https:\/\/pollmann.de\/fr\/wp-json\/wp\/v2\/product_tag?post=228483"}],"curies":[{"name":"wp","href":"https:\/\/api.w.org\/{rel}","templated":true}]}}