{"id":228428,"date":"2022-03-10T13:51:22","date_gmt":"2022-03-10T12:51:22","guid":{"rendered":"https:\/\/pollmann.de\/produkt\/fenster-eckwinkel-z-155-x-155-mm-feuerverzinkt-2\/"},"modified":"2022-03-28T12:26:29","modified_gmt":"2022-03-28T10:26:29","slug":"fenster-eckwinkel-z-155-x-155-mm-feuerverzinkt-2","status":"publish","type":"product","link":"https:\/\/pollmann.de\/fr\/produit\/fenster-eckwinkel-z-155-x-155-mm-feuerverzinkt-2\/","title":{"rendered":"Support d&#039;angle de fen\u00eatre Z 155 x 155 mm, galvanis\u00e9 \u00e0 chaud"},"content":{"rendered":"<p>avec des astuces d\u00e9co<\/p>","protected":false},"excerpt":{"rendered":"<p>avec des astuces d\u00e9co<\/p>","protected":false},"featured_media":227901,"comment_status":"closed","ping_status":"closed","template":"","meta":{"_acf_changed":false,"_et_pb_use_builder":"","_et_pb_old_content":"","_et_gb_content_width":""},"product_brand":[],"product_cat":[108,86],"product_tag":[115,88,113,114,117,94,116],"class_list":{"0":"post-228428","1":"product","2":"type-product","3":"status-publish","4":"has-post-thumbnail","6":"product_cat-fensterbaender","7":"product_cat-fensterbeschlaege","8":"product_tag-fenster-eckwinkel","9":"product_tag-fensterband","10":"product_tag-fensterbeschlaege","11":"product_tag-fenstereckwinkel","12":"product_tag-gekroepfte-rolle","13":"product_tag-historische-beschlaege","14":"product_tag-rolle-8-mm","15":"pa_varianten-fenster-eckwinkel-z-155-x-155-mm-feuerverzinkt","17":"first","18":"instock","19":"purchasable","20":"product-type-simple"},"acf":[],"_links":{"self":[{"href":"https:\/\/pollmann.de\/fr\/wp-json\/wp\/v2\/product\/228428","targetHints":{"allow":["GET"]}}],"collection":[{"href":"https:\/\/pollmann.de\/fr\/wp-json\/wp\/v2\/product"}],"about":[{"href":"https:\/\/pollmann.de\/fr\/wp-json\/wp\/v2\/types\/product"}],"replies":[{"embeddable":true,"href":"https:\/\/pollmann.de\/fr\/wp-json\/wp\/v2\/comments?post=228428"}],"wp:featuredmedia":[{"embeddable":true,"href":"https:\/\/pollmann.de\/fr\/wp-json\/wp\/v2\/media\/227901"}],"wp:attachment":[{"href":"https:\/\/pollmann.de\/fr\/wp-json\/wp\/v2\/media?parent=228428"}],"wp:term":[{"taxonomy":"product_brand","embeddable":true,"href":"https:\/\/pollmann.de\/fr\/wp-json\/wp\/v2\/product_brand?post=228428"},{"taxonomy":"product_cat","embeddable":true,"href":"https:\/\/pollmann.de\/fr\/wp-json\/wp\/v2\/product_cat?post=228428"},{"taxonomy":"product_tag","embeddable":true,"href":"https:\/\/pollmann.de\/fr\/wp-json\/wp\/v2\/product_tag?post=228428"}],"curies":[{"name":"wp","href":"https:\/\/api.w.org\/{rel}","templated":true}]}}