{"id":228425,"date":"2022-03-10T13:51:22","date_gmt":"2022-03-10T12:51:22","guid":{"rendered":"https:\/\/pollmann.de\/produkt\/fenster-winkelband-rolle-o-6-mm-hell-verzinkt\/"},"modified":"2022-03-10T13:51:35","modified_gmt":"2022-03-10T12:51:35","slug":"fenster-winkelband-rolle-o-6-mm-hell-verzinkt","status":"publish","type":"product","link":"https:\/\/pollmann.de\/fr\/produit\/fenster-winkelband-rolle-o-6-mm-hell-verzinkt\/","title":{"rendered":"Rouleau de charni\u00e8re d&#039;angle de fen\u00eatre \u00d8 6 mm, galvanis\u00e9 brillant"},"content":{"rendered":"<p>Extr\u00e9mit\u00e9s arrondies, adapt\u00e9es aux crochets de support avec mandrin \u00d8 6 mm<\/p>","protected":false},"excerpt":{"rendered":"<p>Extr\u00e9mit\u00e9s arrondies, adapt\u00e9es aux crochets de support avec mandrin \u00d8 6 mm<\/p>","protected":false},"featured_media":227913,"comment_status":"closed","ping_status":"closed","template":"","meta":{"_acf_changed":false,"_et_pb_use_builder":"","_et_pb_old_content":"","_et_gb_content_width":""},"product_brand":[],"product_cat":[108,86],"product_tag":[90,88,113,100,94,118],"class_list":{"0":"post-228425","1":"product","2":"type-product","3":"status-publish","4":"has-post-thumbnail","6":"product_cat-fensterbaender","7":"product_cat-fensterbeschlaege","8":"product_tag-fenster-winkelband","9":"product_tag-fensterband","10":"product_tag-fensterbeschlaege","11":"product_tag-fensterwinkelband","12":"product_tag-historische-beschlaege","13":"product_tag-rolle-6-mm","14":"pa_varianten-fenster-winkelband-6-160-x-100-mm-hell-verzinkt","16":"first","17":"instock","18":"purchasable","19":"product-type-variable"},"acf":[],"_links":{"self":[{"href":"https:\/\/pollmann.de\/fr\/wp-json\/wp\/v2\/product\/228425","targetHints":{"allow":["GET"]}}],"collection":[{"href":"https:\/\/pollmann.de\/fr\/wp-json\/wp\/v2\/product"}],"about":[{"href":"https:\/\/pollmann.de\/fr\/wp-json\/wp\/v2\/types\/product"}],"replies":[{"embeddable":true,"href":"https:\/\/pollmann.de\/fr\/wp-json\/wp\/v2\/comments?post=228425"}],"wp:featuredmedia":[{"embeddable":true,"href":"https:\/\/pollmann.de\/fr\/wp-json\/wp\/v2\/media\/227913"}],"wp:attachment":[{"href":"https:\/\/pollmann.de\/fr\/wp-json\/wp\/v2\/media?parent=228425"}],"wp:term":[{"taxonomy":"product_brand","embeddable":true,"href":"https:\/\/pollmann.de\/fr\/wp-json\/wp\/v2\/product_brand?post=228425"},{"taxonomy":"product_cat","embeddable":true,"href":"https:\/\/pollmann.de\/fr\/wp-json\/wp\/v2\/product_cat?post=228425"},{"taxonomy":"product_tag","embeddable":true,"href":"https:\/\/pollmann.de\/fr\/wp-json\/wp\/v2\/product_tag?post=228425"}],"curies":[{"name":"wp","href":"https:\/\/api.w.org\/{rel}","templated":true}]}}