{"id":228424,"date":"2022-03-10T13:51:22","date_gmt":"2022-03-10T12:51:22","guid":{"rendered":"https:\/\/pollmann.de\/produkt\/fenster-eckwinkel-altdt-form-hell-verzinkt\/"},"modified":"2022-03-10T13:51:32","modified_gmt":"2022-03-10T12:51:32","slug":"fenster-eckwinkel-altdt-form-hell-verzinkt","status":"publish","type":"product","link":"https:\/\/pollmann.de\/fr\/produit\/fenster-eckwinkel-altdt-form-hell-verzinkt\/","title":{"rendered":"Ancien support d&#039;angle de fen\u00eatre allemand. forme, galvanis\u00e9 brillant"},"content":{"rendered":"<p>convient pour corni\u00e8re, ancienne forme allemande<\/p>","protected":false},"excerpt":{"rendered":"<p>convient pour corni\u00e8re, ancienne forme allemande<\/p>","protected":false},"featured_media":227911,"comment_status":"closed","ping_status":"closed","template":"","meta":{"_acf_changed":false,"_et_pb_use_builder":"","_et_pb_old_content":"","_et_gb_content_width":""},"product_brand":[],"product_cat":[108,86],"product_tag":[109,115,88,113,94,118,126,110],"class_list":{"0":"post-228424","1":"product","2":"type-product","3":"status-publish","4":"has-post-thumbnail","6":"product_cat-fensterbaender","7":"product_cat-fensterbeschlaege","8":"product_tag-eckwinkel","9":"product_tag-fenster-eckwinkel","10":"product_tag-fensterband","11":"product_tag-fensterbeschlaege","12":"product_tag-historische-beschlaege","13":"product_tag-rolle-6-mm","14":"product_tag-scheinwinkel","15":"product_tag-zierwinkel","16":"pa_varianten-fenster-eckwinkel-altdt-form-125-x-125-mm-hell-verzinkt","18":"first","19":"instock","20":"purchasable","21":"product-type-variable"},"acf":[],"_links":{"self":[{"href":"https:\/\/pollmann.de\/fr\/wp-json\/wp\/v2\/product\/228424","targetHints":{"allow":["GET"]}}],"collection":[{"href":"https:\/\/pollmann.de\/fr\/wp-json\/wp\/v2\/product"}],"about":[{"href":"https:\/\/pollmann.de\/fr\/wp-json\/wp\/v2\/types\/product"}],"replies":[{"embeddable":true,"href":"https:\/\/pollmann.de\/fr\/wp-json\/wp\/v2\/comments?post=228424"}],"wp:featuredmedia":[{"embeddable":true,"href":"https:\/\/pollmann.de\/fr\/wp-json\/wp\/v2\/media\/227911"}],"wp:attachment":[{"href":"https:\/\/pollmann.de\/fr\/wp-json\/wp\/v2\/media?parent=228424"}],"wp:term":[{"taxonomy":"product_brand","embeddable":true,"href":"https:\/\/pollmann.de\/fr\/wp-json\/wp\/v2\/product_brand?post=228424"},{"taxonomy":"product_cat","embeddable":true,"href":"https:\/\/pollmann.de\/fr\/wp-json\/wp\/v2\/product_cat?post=228424"},{"taxonomy":"product_tag","embeddable":true,"href":"https:\/\/pollmann.de\/fr\/wp-json\/wp\/v2\/product_tag?post=228424"}],"curies":[{"name":"wp","href":"https:\/\/api.w.org\/{rel}","templated":true}]}}