{"id":228423,"date":"2022-03-10T13:51:22","date_gmt":"2022-03-10T12:51:22","guid":{"rendered":"https:\/\/pollmann.de\/produkt\/fensterschere-mit-winkellappen-hell-verzinkt\/"},"modified":"2022-03-10T13:51:29","modified_gmt":"2022-03-10T12:51:29","slug":"fensterschere-mit-winkellappen-hell-verzinkt","status":"publish","type":"product","link":"https:\/\/pollmann.de\/fr\/produit\/fensterschere-mit-winkellappen-hell-verzinkt\/","title":{"rendered":"Ciseaux \u00e0 fen\u00eatre avec languettes d&#039;angle, galvanis\u00e9 brillant"},"content":{"rendered":"<p>Ciseaux pour fen\u00eatres avec rabats d&#039;angle et pinces \u00e0 lames crois\u00e9es (pinces coulissantes)<\/p>","protected":false},"excerpt":{"rendered":"<p>Ciseaux pour fen\u00eatres avec rabats d&#039;angle et pinces \u00e0 lames crois\u00e9es (pinces coulissantes)<\/p>","protected":false},"featured_media":227960,"comment_status":"closed","ping_status":"closed","template":"","meta":{"_acf_changed":false,"_et_pb_use_builder":"","_et_pb_old_content":"","_et_gb_content_width":""},"product_brand":[],"product_cat":[86,2472],"product_tag":[104,136],"class_list":{"0":"post-228423","1":"product","2":"type-product","3":"status-publish","4":"has-post-thumbnail","6":"product_cat-fensterbeschlaege","7":"product_cat-feststeller-fensterbeschlaege","8":"product_tag-fensterbeschlag","9":"product_tag-fensterschere","10":"pa_varianten-fensterschere-mit-winkellappen-hell-verzinkt","12":"first","13":"instock","14":"purchasable","15":"product-type-simple"},"acf":[],"_links":{"self":[{"href":"https:\/\/pollmann.de\/fr\/wp-json\/wp\/v2\/product\/228423","targetHints":{"allow":["GET"]}}],"collection":[{"href":"https:\/\/pollmann.de\/fr\/wp-json\/wp\/v2\/product"}],"about":[{"href":"https:\/\/pollmann.de\/fr\/wp-json\/wp\/v2\/types\/product"}],"replies":[{"embeddable":true,"href":"https:\/\/pollmann.de\/fr\/wp-json\/wp\/v2\/comments?post=228423"}],"wp:featuredmedia":[{"embeddable":true,"href":"https:\/\/pollmann.de\/fr\/wp-json\/wp\/v2\/media\/227960"}],"wp:attachment":[{"href":"https:\/\/pollmann.de\/fr\/wp-json\/wp\/v2\/media?parent=228423"}],"wp:term":[{"taxonomy":"product_brand","embeddable":true,"href":"https:\/\/pollmann.de\/fr\/wp-json\/wp\/v2\/product_brand?post=228423"},{"taxonomy":"product_cat","embeddable":true,"href":"https:\/\/pollmann.de\/fr\/wp-json\/wp\/v2\/product_cat?post=228423"},{"taxonomy":"product_tag","embeddable":true,"href":"https:\/\/pollmann.de\/fr\/wp-json\/wp\/v2\/product_tag?post=228423"}],"curies":[{"name":"wp","href":"https:\/\/api.w.org\/{rel}","templated":true}]}}