{"id":228416,"date":"2022-03-10T13:51:22","date_gmt":"2022-03-10T12:51:22","guid":{"rendered":"https:\/\/pollmann.de\/produkt\/sturmhaken-mit-oesen-zum-einschrauben\/"},"modified":"2022-03-10T13:51:34","modified_gmt":"2022-03-10T12:51:34","slug":"sturmhaken-mit-oesen-zum-einschrauben","status":"publish","type":"product","link":"https:\/\/pollmann.de\/fr\/produit\/sturmhaken-mit-oesen-zum-einschrauben\/","title":{"rendered":"Crochet anti-temp\u00eate avec \u0153illets \u00e0 visser"},"content":{"rendered":"<p>avec \u0153illets \u00e0 visser<\/p>","protected":false},"excerpt":{"rendered":"<p>avec \u0153illets \u00e0 visser<\/p>","protected":false},"featured_media":227970,"comment_status":"closed","ping_status":"closed","template":"","meta":{"_acf_changed":false,"_et_pb_use_builder":"","_et_pb_old_content":"","_et_gb_content_width":""},"product_brand":[],"product_cat":[86,2472],"product_tag":[134,132,133,131],"class_list":{"0":"post-228416","1":"product","2":"type-product","3":"status-publish","4":"has-post-thumbnail","6":"product_cat-fensterbeschlaege","7":"product_cat-feststeller-fensterbeschlaege","8":"product_tag-fensterladen","9":"product_tag-feststeller","10":"product_tag-klappladen","11":"product_tag-verschluss","12":"pa_varianten-sturmhaken-35-x-60-hell-verzinkt","13":"pa_varianten-sturmhaken-35-x-60-schwarz","14":"pa_varianten-sturmhaken-39-x-80-hell-verzinkt","15":"pa_varianten-sturmhaken-39-x-80-schwarz","16":"pa_varianten-sturmhaken-4-x-100-hell-verzinkt","17":"pa_varianten-sturmhaken-4-x-100-schwarz","18":"pa_varianten-sturmhaken-42-x-120-hell-verzinkt","19":"pa_varianten-sturmhaken-42-x-120-schwarz","21":"first","22":"instock","23":"purchasable","24":"product-type-variable"},"acf":[],"_links":{"self":[{"href":"https:\/\/pollmann.de\/fr\/wp-json\/wp\/v2\/product\/228416","targetHints":{"allow":["GET"]}}],"collection":[{"href":"https:\/\/pollmann.de\/fr\/wp-json\/wp\/v2\/product"}],"about":[{"href":"https:\/\/pollmann.de\/fr\/wp-json\/wp\/v2\/types\/product"}],"replies":[{"embeddable":true,"href":"https:\/\/pollmann.de\/fr\/wp-json\/wp\/v2\/comments?post=228416"}],"wp:featuredmedia":[{"embeddable":true,"href":"https:\/\/pollmann.de\/fr\/wp-json\/wp\/v2\/media\/227970"}],"wp:attachment":[{"href":"https:\/\/pollmann.de\/fr\/wp-json\/wp\/v2\/media?parent=228416"}],"wp:term":[{"taxonomy":"product_brand","embeddable":true,"href":"https:\/\/pollmann.de\/fr\/wp-json\/wp\/v2\/product_brand?post=228416"},{"taxonomy":"product_cat","embeddable":true,"href":"https:\/\/pollmann.de\/fr\/wp-json\/wp\/v2\/product_cat?post=228416"},{"taxonomy":"product_tag","embeddable":true,"href":"https:\/\/pollmann.de\/fr\/wp-json\/wp\/v2\/product_tag?post=228416"}],"curies":[{"name":"wp","href":"https:\/\/api.w.org\/{rel}","templated":true}]}}