{"id":228407,"date":"2022-03-10T13:51:22","date_gmt":"2022-03-10T12:51:22","guid":{"rendered":"https:\/\/pollmann.de\/produkt\/ankettel-mit-ringschraube-symmetrisch-hell-verzinkt\/"},"modified":"2022-03-10T13:51:26","modified_gmt":"2022-03-10T12:51:26","slug":"ankettel-mit-ringschraube-symmetrisch-hell-verzinkt","status":"publish","type":"product","link":"https:\/\/pollmann.de\/fr\/produit\/ankettel-mit-ringschraube-symmetrisch-hell-verzinkt\/","title":{"rendered":"Cha\u00eene \u00e0 \u0153illet, sym\u00e9trique, galvanis\u00e9e brillante"},"content":{"rendered":"<p>Fermeture de fen\u00eatre Ankettel, compos\u00e9e d&#039;un crochet \u00e0 cha\u00eene sym\u00e9triquement \u00e0 la fen\u00eatre avec boulon \u00e0 \u0153il 55 x 55 mm et crochet de verrouillage, galvanis\u00e9 bleu<\/p>","protected":false},"excerpt":{"rendered":"<p>Fermeture de fen\u00eatre Ankettel, compos\u00e9e d&#039;un crochet \u00e0 cha\u00eene sym\u00e9triquement \u00e0 la fen\u00eatre avec boulon \u00e0 \u0153il 55 x 55 mm et crochet de verrouillage, galvanis\u00e9 bleu<\/p>","protected":false},"featured_media":227954,"comment_status":"closed","ping_status":"closed","template":"","meta":{"_acf_changed":false,"_et_pb_use_builder":"","_et_pb_old_content":"","_et_gb_content_width":""},"product_brand":[],"product_cat":[138,86],"product_tag":[105,139,104,98],"class_list":{"0":"post-228407","1":"product","2":"type-product","3":"status-publish","4":"has-post-thumbnail","6":"product_cat-ankettel","7":"product_cat-fensterbeschlaege","8":"product_tag-ankettel","9":"product_tag-daenischer-fensterverschluss-kettelhaken","10":"product_tag-fensterbeschlag","11":"product_tag-fensterhaken","12":"pa_varianten-ankettel-mit-ringschraube-symmetrisch-hell-verzinkt","14":"first","15":"instock","16":"purchasable","17":"product-type-simple"},"acf":[],"_links":{"self":[{"href":"https:\/\/pollmann.de\/fr\/wp-json\/wp\/v2\/product\/228407","targetHints":{"allow":["GET"]}}],"collection":[{"href":"https:\/\/pollmann.de\/fr\/wp-json\/wp\/v2\/product"}],"about":[{"href":"https:\/\/pollmann.de\/fr\/wp-json\/wp\/v2\/types\/product"}],"replies":[{"embeddable":true,"href":"https:\/\/pollmann.de\/fr\/wp-json\/wp\/v2\/comments?post=228407"}],"wp:featuredmedia":[{"embeddable":true,"href":"https:\/\/pollmann.de\/fr\/wp-json\/wp\/v2\/media\/227954"}],"wp:attachment":[{"href":"https:\/\/pollmann.de\/fr\/wp-json\/wp\/v2\/media?parent=228407"}],"wp:term":[{"taxonomy":"product_brand","embeddable":true,"href":"https:\/\/pollmann.de\/fr\/wp-json\/wp\/v2\/product_brand?post=228407"},{"taxonomy":"product_cat","embeddable":true,"href":"https:\/\/pollmann.de\/fr\/wp-json\/wp\/v2\/product_cat?post=228407"},{"taxonomy":"product_tag","embeddable":true,"href":"https:\/\/pollmann.de\/fr\/wp-json\/wp\/v2\/product_tag?post=228407"}],"curies":[{"name":"wp","href":"https:\/\/api.w.org\/{rel}","templated":true}]}}