{"id":228404,"date":"2022-03-10T13:51:22","date_gmt":"2022-03-10T12:51:22","guid":{"rendered":"https:\/\/pollmann.de\/produkt\/fenster-eckwinkel-rheinische-form\/"},"modified":"2022-03-10T13:51:37","modified_gmt":"2022-03-10T12:51:37","slug":"fenster-eckwinkel-rheinische-form","status":"publish","type":"product","link":"https:\/\/pollmann.de\/fr\/produit\/fenster-eckwinkel-rheinische-form\/","title":{"rendered":"Support d&#039;angle de fen\u00eatre forme rh\u00e9nane"},"content":{"rendered":"<p>Angle d\u00e9coratif, adapt\u00e9 aux corni\u00e8res, forme rh\u00e9nane<\/p>","protected":false},"excerpt":{"rendered":"<p>Angle d\u00e9coratif, adapt\u00e9 aux corni\u00e8res, forme rh\u00e9nane<\/p>","protected":false},"featured_media":227927,"comment_status":"closed","ping_status":"closed","template":"","meta":{"_acf_changed":false,"_et_pb_use_builder":"","_et_pb_old_content":"","_et_gb_content_width":""},"product_brand":[],"product_cat":[108,86],"product_tag":[109,94,111,92,110],"class_list":{"0":"post-228404","1":"product","2":"type-product","3":"status-publish","4":"has-post-thumbnail","6":"product_cat-fensterbaender","7":"product_cat-fensterbeschlaege","8":"product_tag-eckwinkel","9":"product_tag-historische-beschlaege","10":"product_tag-rheinische-form","11":"product_tag-winkelband","12":"product_tag-zierwinkel","13":"pa_varianten-fenster-eckwinkel-rheinische-form-75-x-75-mm-hell-verzinkt","14":"pa_varianten-fenster-eckwinkel-rheinische-form-75-x-75-mm-schwarz","15":"pa_varianten-fenster-eckwinkel-rheinische-form-90-x-90-mm-hell-verzinkt","16":"pa_varianten-fenster-eckwinkel-rheinische-form-90-x-90-mm-schwarz","18":"first","19":"instock","20":"purchasable","21":"product-type-variable"},"acf":[],"_links":{"self":[{"href":"https:\/\/pollmann.de\/fr\/wp-json\/wp\/v2\/product\/228404","targetHints":{"allow":["GET"]}}],"collection":[{"href":"https:\/\/pollmann.de\/fr\/wp-json\/wp\/v2\/product"}],"about":[{"href":"https:\/\/pollmann.de\/fr\/wp-json\/wp\/v2\/types\/product"}],"replies":[{"embeddable":true,"href":"https:\/\/pollmann.de\/fr\/wp-json\/wp\/v2\/comments?post=228404"}],"wp:featuredmedia":[{"embeddable":true,"href":"https:\/\/pollmann.de\/fr\/wp-json\/wp\/v2\/media\/227927"}],"wp:attachment":[{"href":"https:\/\/pollmann.de\/fr\/wp-json\/wp\/v2\/media?parent=228404"}],"wp:term":[{"taxonomy":"product_brand","embeddable":true,"href":"https:\/\/pollmann.de\/fr\/wp-json\/wp\/v2\/product_brand?post=228404"},{"taxonomy":"product_cat","embeddable":true,"href":"https:\/\/pollmann.de\/fr\/wp-json\/wp\/v2\/product_cat?post=228404"},{"taxonomy":"product_tag","embeddable":true,"href":"https:\/\/pollmann.de\/fr\/wp-json\/wp\/v2\/product_tag?post=228404"}],"curies":[{"name":"wp","href":"https:\/\/api.w.org\/{rel}","templated":true}]}}