{"id":228395,"date":"2022-03-10T13:51:22","date_gmt":"2022-03-10T12:51:22","guid":{"rendered":"https:\/\/pollmann.de\/produkt\/sturmhaken-mit-ringschraube\/"},"modified":"2022-03-10T13:51:31","modified_gmt":"2022-03-10T12:51:31","slug":"sturmhaken-mit-ringschraube","status":"publish","type":"product","link":"https:\/\/pollmann.de\/fr\/produit\/sturmhaken-mit-ringschraube\/","title":{"rendered":"Crochet anti-temp\u00eate avec boulon \u00e0 \u0153il"},"content":{"rendered":"<p>pour s\u00e9curiser les fen\u00eatres en combinaison avec des crochets de support<\/p>","protected":false},"excerpt":{"rendered":"<p>pour s\u00e9curiser les fen\u00eatres en combinaison avec des crochets de support<\/p>","protected":false},"featured_media":227964,"comment_status":"closed","ping_status":"closed","template":"","meta":{"_acf_changed":false,"_et_pb_use_builder":"","_et_pb_old_content":"","_et_gb_content_width":""},"product_brand":[],"product_cat":[138,86],"product_tag":[105,135,83],"class_list":{"0":"post-228395","1":"product","2":"type-product","3":"status-publish","4":"has-post-thumbnail","6":"product_cat-ankettel","7":"product_cat-fensterbeschlaege","8":"product_tag-ankettel","9":"product_tag-fensterfeststeller","10":"product_tag-stuetzhaken","11":"pa_varianten-sturmhaken-mit-ringschraube-130-mm-hell-verzinkt","12":"pa_varianten-sturmhaken-mit-ringschraube-170-mm-hell-verzinkt","14":"first","15":"instock","16":"purchasable","17":"product-type-variable"},"acf":[],"_links":{"self":[{"href":"https:\/\/pollmann.de\/fr\/wp-json\/wp\/v2\/product\/228395","targetHints":{"allow":["GET"]}}],"collection":[{"href":"https:\/\/pollmann.de\/fr\/wp-json\/wp\/v2\/product"}],"about":[{"href":"https:\/\/pollmann.de\/fr\/wp-json\/wp\/v2\/types\/product"}],"replies":[{"embeddable":true,"href":"https:\/\/pollmann.de\/fr\/wp-json\/wp\/v2\/comments?post=228395"}],"wp:featuredmedia":[{"embeddable":true,"href":"https:\/\/pollmann.de\/fr\/wp-json\/wp\/v2\/media\/227964"}],"wp:attachment":[{"href":"https:\/\/pollmann.de\/fr\/wp-json\/wp\/v2\/media?parent=228395"}],"wp:term":[{"taxonomy":"product_brand","embeddable":true,"href":"https:\/\/pollmann.de\/fr\/wp-json\/wp\/v2\/product_brand?post=228395"},{"taxonomy":"product_cat","embeddable":true,"href":"https:\/\/pollmann.de\/fr\/wp-json\/wp\/v2\/product_cat?post=228395"},{"taxonomy":"product_tag","embeddable":true,"href":"https:\/\/pollmann.de\/fr\/wp-json\/wp\/v2\/product_tag?post=228395"}],"curies":[{"name":"wp","href":"https:\/\/api.w.org\/{rel}","templated":true}]}}