{"id":228393,"date":"2022-03-10T13:51:22","date_gmt":"2022-03-10T12:51:22","guid":{"rendered":"https:\/\/pollmann.de\/produkt\/stuetzhaken-zum-einschrauben-dorn-o-8-mm-feuerverzinkt\/"},"modified":"2022-03-10T13:51:23","modified_gmt":"2022-03-10T12:51:23","slug":"stuetzhaken-zum-einschrauben-dorn-o-8-mm-feuerverzinkt","status":"publish","type":"product","link":"https:\/\/pollmann.de\/fr\/produit\/stuetzhaken-zum-einschrauben-dorn-o-8-mm-feuerverzinkt\/","title":{"rendered":"Crochet support \u00e0 visser dans mandrin \u00d8 8 mm, galvanis\u00e9 \u00e0 chaud"},"content":{"rendered":"<p>pour charni\u00e8res d&#039;angle de fen\u00eatre et charni\u00e8res centrales avec rouleau \u00d8 8 mm, filetage M8 x 30 mm<\/p>","protected":false},"excerpt":{"rendered":"<p>pour charni\u00e8res d&#039;angle de fen\u00eatre et charni\u00e8res centrales avec rouleau \u00d8 8 mm, filetage M8 x 30 mm<\/p>","protected":false},"featured_media":227892,"comment_status":"closed","ping_status":"closed","template":"","meta":{"_acf_changed":false,"_et_pb_use_builder":"","_et_pb_old_content":"","_et_gb_content_width":""},"product_brand":[],"product_cat":[86,87],"product_tag":[102,88,89,98,100,101,85,99,94,84,83,92,93],"class_list":{"0":"post-228393","1":"product","2":"type-product","3":"status-publish","4":"has-post-thumbnail","6":"product_cat-fensterbeschlaege","7":"product_cat-stuetzhaken","8":"product_tag-dorn-8-mm","9":"product_tag-fensterband","10":"product_tag-fensterbaender","11":"product_tag-fensterhaken","12":"product_tag-fensterwinkelband","13":"product_tag-fensterwinkelbaender","14":"product_tag-haken","15":"product_tag-haken-zum-einschlagen","16":"product_tag-historische-beschlaege","17":"product_tag-kloben","18":"product_tag-stuetzhaken","19":"product_tag-winkelband","20":"product_tag-winkelbaender","21":"pa_varianten-stuetzhaken-zum-einschrauben-dorn-o-8-mm-feuerverzinkt","23":"first","24":"instock","25":"purchasable","26":"product-type-simple"},"acf":[],"_links":{"self":[{"href":"https:\/\/pollmann.de\/fr\/wp-json\/wp\/v2\/product\/228393","targetHints":{"allow":["GET"]}}],"collection":[{"href":"https:\/\/pollmann.de\/fr\/wp-json\/wp\/v2\/product"}],"about":[{"href":"https:\/\/pollmann.de\/fr\/wp-json\/wp\/v2\/types\/product"}],"replies":[{"embeddable":true,"href":"https:\/\/pollmann.de\/fr\/wp-json\/wp\/v2\/comments?post=228393"}],"wp:featuredmedia":[{"embeddable":true,"href":"https:\/\/pollmann.de\/fr\/wp-json\/wp\/v2\/media\/227892"}],"wp:attachment":[{"href":"https:\/\/pollmann.de\/fr\/wp-json\/wp\/v2\/media?parent=228393"}],"wp:term":[{"taxonomy":"product_brand","embeddable":true,"href":"https:\/\/pollmann.de\/fr\/wp-json\/wp\/v2\/product_brand?post=228393"},{"taxonomy":"product_cat","embeddable":true,"href":"https:\/\/pollmann.de\/fr\/wp-json\/wp\/v2\/product_cat?post=228393"},{"taxonomy":"product_tag","embeddable":true,"href":"https:\/\/pollmann.de\/fr\/wp-json\/wp\/v2\/product_tag?post=228393"}],"curies":[{"name":"wp","href":"https:\/\/api.w.org\/{rel}","templated":true}]}}