{"id":228392,"date":"2022-03-10T13:51:22","date_gmt":"2022-03-10T12:51:22","guid":{"rendered":"https:\/\/pollmann.de\/produkt\/fenster-winkelband-rolle-o-8-mm-feuerverzinkt\/"},"modified":"2022-03-10T13:51:38","modified_gmt":"2022-03-10T12:51:38","slug":"fenster-winkelband-rolle-o-8-mm-feuerverzinkt","status":"publish","type":"product","link":"https:\/\/pollmann.de\/fr\/produit\/fenster-winkelband-rolle-o-8-mm-feuerverzinkt\/","title":{"rendered":"Rouleau de charni\u00e8re d&#039;angle de fen\u00eatre \u00d8 8 mm, galvanis\u00e9 \u00e0 chaud"},"content":{"rendered":"<p>Rouleau \u00d8 8 mm, extr\u00e9mit\u00e9s arrondies, adapt\u00e9 aux crochets supports avec mandrin 8 mm<\/p>","protected":false},"excerpt":{"rendered":"<p>Rouleau \u00d8 8 mm, extr\u00e9mit\u00e9s arrondies, adapt\u00e9 aux crochets supports avec mandrin 8 mm<\/p>","protected":false},"featured_media":227885,"comment_status":"closed","ping_status":"closed","template":"","meta":{"_acf_changed":false,"_et_pb_use_builder":"","_et_pb_old_content":"","_et_gb_content_width":""},"product_brand":[],"product_cat":[108,86],"product_tag":[90,88,113,100,117,94,116],"class_list":{"0":"post-228392","1":"product","2":"type-product","3":"status-publish","4":"has-post-thumbnail","6":"product_cat-fensterbaender","7":"product_cat-fensterbeschlaege","8":"product_tag-fenster-winkelband","9":"product_tag-fensterband","10":"product_tag-fensterbeschlaege","11":"product_tag-fensterwinkelband","12":"product_tag-gekroepfte-rolle","13":"product_tag-historische-beschlaege","14":"product_tag-rolle-8-mm","15":"pa_varianten-fenster-winkelband-8-175-x-110-mm-gekroepft-feuerverzinkt","16":"pa_varianten-fenster-winkelband-8-200-x-110-mm-gekroepft-feuerverzinkt","18":"first","19":"instock","20":"purchasable","21":"product-type-variable"},"acf":[],"_links":{"self":[{"href":"https:\/\/pollmann.de\/fr\/wp-json\/wp\/v2\/product\/228392","targetHints":{"allow":["GET"]}}],"collection":[{"href":"https:\/\/pollmann.de\/fr\/wp-json\/wp\/v2\/product"}],"about":[{"href":"https:\/\/pollmann.de\/fr\/wp-json\/wp\/v2\/types\/product"}],"replies":[{"embeddable":true,"href":"https:\/\/pollmann.de\/fr\/wp-json\/wp\/v2\/comments?post=228392"}],"wp:featuredmedia":[{"embeddable":true,"href":"https:\/\/pollmann.de\/fr\/wp-json\/wp\/v2\/media\/227885"}],"wp:attachment":[{"href":"https:\/\/pollmann.de\/fr\/wp-json\/wp\/v2\/media?parent=228392"}],"wp:term":[{"taxonomy":"product_brand","embeddable":true,"href":"https:\/\/pollmann.de\/fr\/wp-json\/wp\/v2\/product_brand?post=228392"},{"taxonomy":"product_cat","embeddable":true,"href":"https:\/\/pollmann.de\/fr\/wp-json\/wp\/v2\/product_cat?post=228392"},{"taxonomy":"product_tag","embeddable":true,"href":"https:\/\/pollmann.de\/fr\/wp-json\/wp\/v2\/product_tag?post=228392"}],"curies":[{"name":"wp","href":"https:\/\/api.w.org\/{rel}","templated":true}]}}