{"id":228292,"date":"2022-03-10T13:30:07","date_gmt":"2022-03-10T12:30:07","guid":{"rendered":"https:\/\/pollmann.de\/produkt\/holzschraube-mit-senkkopf-aus-edelstahl\/"},"modified":"2022-03-14T13:02:44","modified_gmt":"2022-03-14T12:02:44","slug":"holzschraube-mit-senkkopf-aus-edelstahl","status":"publish","type":"product","link":"https:\/\/pollmann.de\/fr\/produit\/holzschraube-mit-senkkopf-aus-edelstahl\/","title":{"rendered":"Vis \u00e0 bois \u00e0 t\u00eate frais\u00e9e en acier inoxydable"},"content":{"rendered":"","protected":false},"excerpt":{"rendered":"","protected":false},"featured_media":227828,"comment_status":"closed","ping_status":"closed","template":"","meta":{"_acf_changed":false,"_et_pb_use_builder":"","_et_pb_old_content":"","_et_gb_content_width":""},"product_brand":[],"product_cat":[203],"product_tag":[257,240,97,258,212,239],"class_list":{"0":"post-228292","1":"product","2":"type-product","3":"status-publish","4":"has-post-thumbnail","6":"product_cat-schrauben-und-zubehoer","7":"product_tag-edelstahl","8":"product_tag-holzschrauben","9":"product_tag-pollmann","10":"product_tag-rostfrei","11":"product_tag-schrauben","12":"product_tag-spanplattenschrauben","13":"pa_varianten-holzschraube-4-x-25-mm-sk-aus-v2a","14":"pa_varianten-holzschraube-5-x-30-mm-sk-aus-v2a","15":"pa_varianten-holzschraube-5-x-40-mm-sk-aus-v2a","16":"pa_varianten-holzschraube-6-x-40-mm-sk-aus-v2a","18":"first","19":"instock","20":"purchasable","21":"product-type-variable"},"acf":[],"_links":{"self":[{"href":"https:\/\/pollmann.de\/fr\/wp-json\/wp\/v2\/product\/228292","targetHints":{"allow":["GET"]}}],"collection":[{"href":"https:\/\/pollmann.de\/fr\/wp-json\/wp\/v2\/product"}],"about":[{"href":"https:\/\/pollmann.de\/fr\/wp-json\/wp\/v2\/types\/product"}],"replies":[{"embeddable":true,"href":"https:\/\/pollmann.de\/fr\/wp-json\/wp\/v2\/comments?post=228292"}],"wp:featuredmedia":[{"embeddable":true,"href":"https:\/\/pollmann.de\/fr\/wp-json\/wp\/v2\/media\/227828"}],"wp:attachment":[{"href":"https:\/\/pollmann.de\/fr\/wp-json\/wp\/v2\/media?parent=228292"}],"wp:term":[{"taxonomy":"product_brand","embeddable":true,"href":"https:\/\/pollmann.de\/fr\/wp-json\/wp\/v2\/product_brand?post=228292"},{"taxonomy":"product_cat","embeddable":true,"href":"https:\/\/pollmann.de\/fr\/wp-json\/wp\/v2\/product_cat?post=228292"},{"taxonomy":"product_tag","embeddable":true,"href":"https:\/\/pollmann.de\/fr\/wp-json\/wp\/v2\/product_tag?post=228292"}],"curies":[{"name":"wp","href":"https:\/\/api.w.org\/{rel}","templated":true}]}}