{"id":228282,"date":"2022-03-10T13:30:07","date_gmt":"2022-03-10T12:30:07","guid":{"rendered":"https:\/\/pollmann.de\/produkt\/holzschrauben-mit-senkkopf\/"},"modified":"2022-03-14T13:03:52","modified_gmt":"2022-03-14T12:03:52","slug":"holzschrauben-mit-senkkopf","status":"publish","type":"product","link":"https:\/\/pollmann.de\/fr\/produit\/holzschrauben-mit-senkkopf\/","title":{"rendered":"Vis \u00e0 bois \u00e0 t\u00eate frais\u00e9e"},"content":{"rendered":"","protected":false},"excerpt":{"rendered":"","protected":false},"featured_media":227839,"comment_status":"closed","ping_status":"closed","template":"","meta":{"_acf_changed":false,"_et_pb_use_builder":"","_et_pb_old_content":"","_et_gb_content_width":""},"product_brand":[],"product_cat":[203],"product_tag":[240,97,212,239],"class_list":{"0":"post-228282","1":"product","2":"type-product","3":"status-publish","4":"has-post-thumbnail","6":"product_cat-schrauben-und-zubehoer","7":"product_tag-holzschrauben","8":"product_tag-pollmann","9":"product_tag-schrauben","10":"product_tag-spanplattenschrauben","11":"pa_varianten-holzschraube-4-x-25-mm-sk-hell-verzinkt","12":"pa_varianten-holzschraube-4-x-25-mm-sk-schwarz","13":"pa_varianten-holzschraube-5-x-25-mm-sk-hell-verzinkt","14":"pa_varianten-holzschraube-5-x-25-mm-sk-schwarz","15":"pa_varianten-holzschraube-5-x-30-mm-sk-hell-verzinkt","16":"pa_varianten-holzschraube-5-x-30-mm-sk-schwarz","17":"pa_varianten-holzschraube-5-x-40-mm-sk-hell-verzinkt","18":"pa_varianten-holzschraube-5-x-50-mm-sk-hell-verzinkt","19":"pa_varianten-holzschraube-5-x-50-mm-sk-schwarz","20":"pa_varianten-holzschraube-6-x-40-mm-sk-hell-verzinkt","21":"pa_varianten-holzschraube-6-x-40-mm-sk-schwarz","22":"pa_varianten-holzschraube-6-x-60-mm-sk-hell-verzinkt","23":"pa_varianten-holzschraube5-x-40-mm-sk-schwarz","25":"first","26":"instock","27":"purchasable","28":"product-type-variable"},"acf":[],"_links":{"self":[{"href":"https:\/\/pollmann.de\/fr\/wp-json\/wp\/v2\/product\/228282","targetHints":{"allow":["GET"]}}],"collection":[{"href":"https:\/\/pollmann.de\/fr\/wp-json\/wp\/v2\/product"}],"about":[{"href":"https:\/\/pollmann.de\/fr\/wp-json\/wp\/v2\/types\/product"}],"replies":[{"embeddable":true,"href":"https:\/\/pollmann.de\/fr\/wp-json\/wp\/v2\/comments?post=228282"}],"wp:featuredmedia":[{"embeddable":true,"href":"https:\/\/pollmann.de\/fr\/wp-json\/wp\/v2\/media\/227839"}],"wp:attachment":[{"href":"https:\/\/pollmann.de\/fr\/wp-json\/wp\/v2\/media?parent=228282"}],"wp:term":[{"taxonomy":"product_brand","embeddable":true,"href":"https:\/\/pollmann.de\/fr\/wp-json\/wp\/v2\/product_brand?post=228282"},{"taxonomy":"product_cat","embeddable":true,"href":"https:\/\/pollmann.de\/fr\/wp-json\/wp\/v2\/product_cat?post=228282"},{"taxonomy":"product_tag","embeddable":true,"href":"https:\/\/pollmann.de\/fr\/wp-json\/wp\/v2\/product_tag?post=228282"}],"curies":[{"name":"wp","href":"https:\/\/api.w.org\/{rel}","templated":true}]}}