{"id":223273,"date":"2021-09-16T13:34:58","date_gmt":"2021-09-16T11:34:58","guid":{"rendered":"https:\/\/pollmann.de\/?page_id=223273"},"modified":"2021-09-23T13:54:15","modified_gmt":"2021-09-23T11:54:15","slug":"metalltorbeschlaege","status":"publish","type":"page","link":"https:\/\/pollmann.de\/fr\/korrosionsschutz\/metalltorbeschlaege\/","title":{"rendered":"Ferrures de portail en m\u00e9tal"},"content":{"rendered":"<p>[et_pb_section fb_built=&#8221;1&#8243; bg_img_2=&#8221;https:\/\/pollmann.de\/wp-content\/uploads\/2021\/08\/business-05.jpg&#8221; admin_label=&#8221;About&#8221; _builder_version=&#8221;3.22&#8243; background_image=&#8221;https:\/\/pollmann.de\/wp-content\/uploads\/2021\/08\/investing-15.jpg&#8221; background_size=&#8221;initial&#8221; background_position=&#8221;top_center&#8221; global_colors_info=&#8221;{}&#8221;][et_pb_row _builder_version=&#8221;3.25&#8243; global_colors_info=&#8221;{}&#8221;][et_pb_column type=&#8221;4_4&#8243; _builder_version=&#8221;4.10.4&#8243; _module_preset=&#8221;default&#8221; global_colors_info=&#8221;{}&#8221;][et_pb_text _builder_version=&#8221;4.10.7&#8243; text_font=&#8221;||||||||&#8221; text_font_size=&#8221;15px&#8221; text_line_height=&#8221;2em&#8221; header_text_align=&#8221;left&#8221; header_2_font=&#8221;|600|||||||&#8221; header_2_text_align=&#8221;left&#8221; header_2_text_color=&#8221;#014171&#8243; header_2_font_size=&#8221;45px&#8221; header_2_line_height=&#8221;1.4em&#8221; header_4_font=&#8221;|700||on|||||&#8221; header_4_text_color=&#8221;#1d48c0&#8243; header_4_font_size=&#8221;16px&#8221; header_4_letter_spacing=&#8221;2px&#8221; header_4_line_height=&#8221;1.6em&#8221; module_alignment=&#8221;left&#8221; custom_margin=&#8221;||11px||false|false&#8221; header_2_font_size_tablet=&#8221;30px&#8221; header_2_font_size_phone=&#8221;22px&#8221; header_2_font_size_last_edited=&#8221;on|phone&#8221; header_4_font_size_tablet=&#8221;&#8221; header_4_font_size_phone=&#8221;14px&#8221; header_4_font_size_last_edited=&#8221;on|phone&#8221; locked=&#8221;off&#8221; global_colors_info=&#8221;{}&#8221;]<\/p>\n<h2>Metalltorbeschl\u00e4ge<\/h2>\n<p>[\/et_pb_text][et_pb_image src=&#8221;https:\/\/pollmann.de\/wp-content\/uploads\/2021\/09\/korrosionsschutz2_klein.jpg&#8221; title_text=&#8221;korrosionsschutz2_klein&#8221; _builder_version=&#8221;4.10.7&#8243; _module_preset=&#8221;default&#8221; global_colors_info=&#8221;{}&#8221;][\/et_pb_image][et_pb_text _builder_version=&#8221;4.10.7&#8243; text_font=&#8221;||||||||&#8221; text_font_size=&#8221;15px&#8221; text_line_height=&#8221;2em&#8221; header_text_align=&#8221;left&#8221; header_2_font=&#8221;|600|||||||&#8221; header_2_text_align=&#8221;left&#8221; header_2_text_color=&#8221;#000000&#8243; header_2_font_size=&#8221;45px&#8221; header_2_line_height=&#8221;1.4em&#8221; header_4_font=&#8221;|700||on|||||&#8221; header_4_text_color=&#8221;#1d48c0&#8243; header_4_font_size=&#8221;16px&#8221; header_4_letter_spacing=&#8221;2px&#8221; header_4_line_height=&#8221;1.6em&#8221; module_alignment=&#8221;left&#8221; custom_margin=&#8221;||11px||false|false&#8221; header_2_font_size_tablet=&#8221;30px&#8221; header_2_font_size_phone=&#8221;22px&#8221; header_2_font_size_last_edited=&#8221;on|phone&#8221; header_4_font_size_tablet=&#8221;&#8221; header_4_font_size_phone=&#8221;14px&#8221; header_4_font_size_last_edited=&#8221;on|phone&#8221; locked=&#8221;off&#8221; global_colors_info=&#8221;{}&#8221;]<\/p>\n<h2>Der richtige Korrosionsschutz f\u00fcr lange Haltbarkeit<\/h2>\n<p>[\/et_pb_text][et_pb_text _builder_version=&#8221;4.10.7&#8243; text_font=&#8221;||||||||&#8221; text_font_size=&#8221;15px&#8221; text_line_height=&#8221;2em&#8221; header_2_font=&#8221;Glegoo||||||||&#8221; header_2_font_size=&#8221;40px&#8221; header_2_line_height=&#8221;1.4em&#8221; header_4_font=&#8221;|700||on|||||&#8221; header_4_text_color=&#8221;#1d48c0&#8243; header_4_font_size=&#8221;16px&#8221; header_4_letter_spacing=&#8221;2px&#8221; header_4_line_height=&#8221;1.6em&#8221; max_width=&#8221;1000px&#8221; hover_enabled=&#8221;0&#8243; header_2_font_size_tablet=&#8221;30px&#8221; header_2_font_size_phone=&#8221;22px&#8221; header_2_font_size_last_edited=&#8221;on|phone&#8221; header_4_font_size_tablet=&#8221;&#8221; header_4_font_size_phone=&#8221;14px&#8221; header_4_font_size_last_edited=&#8221;on|phone&#8221; locked=&#8221;off&#8221; global_colors_info=&#8221;{}&#8221; ul_font_size=&#8221;16px&#8221; ul_text_align=&#8221;left&#8221; ul_font=&#8221;||||||||&#8221; ul_line_height=&#8221;2em&#8221; ul_type=&#8221;square&#8221; sticky_enabled=&#8221;0&#8243;]<\/p>\n<p>Durch Korrosionssch\u00e4den kann die Tragf\u00e4higkeit einer Konstruktion beeintr\u00e4chtigt werden. Ohne einen wirkungsvollen Oberfl\u00e4chenschutz rostet Stahl relativ schnell.<\/p>\n<p>Die f\u00fcr den Stahlbau g\u00fcltigen Normen, die wir im Anhang aufgelistet haben, geben hinsichtlich des Korrosionsschutzes und der korrosionsschutzgerechten Konstruktion meist nur Empfehlungen. Die Absch\u00e4tzung des Risikos wird dem Stahlbauer \u00fcberlassen. Durch genaue Kenntnis der Einsatzbedingungen und der vielf\u00e4ltigen Regelungen lassen sich Sch\u00e4den jedoch vermeiden.<\/p>\n<p><strong>Nachfolgend einige Hinweise, die auch im Umgang mit Pollmann Metallbaubeschl\u00e4gen zu beachten sind:<\/strong><\/p>\n<ul>\n<li>DIN EN ISO 1461: Insbesondere sollten Stahlwerkstoffe verwendet werden, die zum Feuerverzinken geeignet sind.<\/li>\n<li>DIN EN ISO 14714: Falls das Schwei\u00dfen nach dem Feuerverzinken oder dem thermischen Spritzen durchgef\u00fchrt wird, sollte der \u00dcberzug \u00f6rtlich in der Schwei\u00dfnahtzone vor dem Schwei\u00dfen entfernt werden, um eine hochwertige Schwei\u00dfung sicherzustellen. Um eine hochwertige, von Einschl\u00fcssen und Poren sichere Schwei\u00dfverbindung herzustellen, muss der Zink\u00fcberzug entfernt werden. Dies sollte auch bei der Verwendung von Zink mit speziellen Zusatzwerkstoffen beachtet werden, der von manchem Hersteller angeboten wird.<\/li>\n<li>Um den erforderlichen Korrosionsschutz festlegen zu k\u00f6nnen, m\u00fcssen die Bedingungen der Korrosionsbelastung bekannt sein.\u00a0 Das erfordert eine genaue Kenntnis der Umgebungsfaktoren, wie beispielsweise der klimatischen Bedingungen.<\/li>\n<\/ul>\n<p>Alle Metalltorbeschl\u00e4ge von Pollmann &amp; Sohn erf\u00fcllen die oben genannten Anforderungen, dass hei\u00dft, die Fl\u00e4chen, die angeschwei\u00dft werden, sind grunds\u00e4tzlich eisenroh. Alle Artikel lassen sich problemlos verzinken.<\/p>\n<p>Pollmann Metallbaubeschl\u00e4ge sind aber nur die eine H\u00e4lfte der Verbindung. Mit der Auswahl und Behandlung der \u00fcbrigen Materialien, die in die Schwei\u00dfverbindung einflie\u00dfen, hat der Metallbauer es in der Hand, wie sicher die Verbindung wird.<\/p>\n<p><strong>Die wichtigsten Regeln, die den Korrosionsschutz im Stahlbau betreffen, hier auf einen Blick:<\/strong><\/p>\n<ul>\n<li>DIN EN ISO 12944, Teil 1 bis 8 Beschichtungsstoffe: Korrosionsschutz von Stahlbauten durch Beschichtungssysteme<\/li>\n<li>DIN EN ISO 1461: Durch Feuerverzinken auf Stahl aufgebrachte Zink\u00fcberz\u00fcge (St\u00fcckverzinkung); Anforderungen und Pr\u00fcfungen<\/li>\n<li>DIN EN ISO 14713 Schutz von Eisen und Stahlkonstruktionen vor Korrosion; Zink- und Aluminium\u00fcberz\u00fcge; Leitf\u00e4den<\/li>\n<li>DIN 10684-11 Verbindungselemente; Feuerverzinkung<\/li>\n<li>DASt 006 \u00dcberschwei\u00dfung von Fertigungsbeschichtungen im Stahlbau<\/li>\n<li>DASt 007 Lieferung, Verarbeitung und Anwendung wetterfester Baust\u00e4hle<\/li>\n<\/ul>\n<p>[\/et_pb_text][\/et_pb_column][\/et_pb_row][\/et_pb_section]<\/p>\n","protected":false},"excerpt":{"rendered":"<p>Metalltorbeschl\u00e4geDer richtige Korrosionsschutz f\u00fcr lange HaltbarkeitDurch Korrosionssch\u00e4den kann die Tragf\u00e4higkeit einer Konstruktion beeintr\u00e4chtigt werden. Ohne einen wirkungsvollen Oberfl\u00e4chenschutz rostet Stahl relativ schnell. Die f\u00fcr den Stahlbau g\u00fcltigen Normen, die wir im Anhang aufgelistet haben, geben hinsichtlich des Korrosionsschutzes und der korrosionsschutzgerechten Konstruktion meist nur Empfehlungen. Die Absch\u00e4tzung des Risikos wird dem Stahlbauer \u00fcberlassen. Durch genaue [&hellip;]<\/p>\n","protected":false},"author":1,"featured_media":0,"parent":223269,"menu_order":0,"comment_status":"closed","ping_status":"closed","template":"","meta":{"_acf_changed":false,"_et_pb_use_builder":"on","_et_pb_old_content":"","_et_gb_content_width":"","footnotes":""},"dipi_cpt_category":[],"class_list":["post-223273","page","type-page","status-publish","hentry"],"acf":[],"_links":{"self":[{"href":"https:\/\/pollmann.de\/fr\/wp-json\/wp\/v2\/pages\/223273","targetHints":{"allow":["GET"]}}],"collection":[{"href":"https:\/\/pollmann.de\/fr\/wp-json\/wp\/v2\/pages"}],"about":[{"href":"https:\/\/pollmann.de\/fr\/wp-json\/wp\/v2\/types\/page"}],"author":[{"embeddable":true,"href":"https:\/\/pollmann.de\/fr\/wp-json\/wp\/v2\/users\/1"}],"replies":[{"embeddable":true,"href":"https:\/\/pollmann.de\/fr\/wp-json\/wp\/v2\/comments?post=223273"}],"version-history":[{"count":0,"href":"https:\/\/pollmann.de\/fr\/wp-json\/wp\/v2\/pages\/223273\/revisions"}],"up":[{"embeddable":true,"href":"https:\/\/pollmann.de\/fr\/wp-json\/wp\/v2\/pages\/223269"}],"wp:attachment":[{"href":"https:\/\/pollmann.de\/fr\/wp-json\/wp\/v2\/media?parent=223273"}],"wp:term":[{"taxonomy":"dipi_cpt_category","embeddable":true,"href":"https:\/\/pollmann.de\/fr\/wp-json\/wp\/v2\/dipi_cpt_category?post=223273"}],"curies":[{"name":"wp","href":"https:\/\/api.w.org\/{rel}","templated":true}]}}