{"id":223271,"date":"2021-09-16T13:34:30","date_gmt":"2021-09-16T11:34:30","guid":{"rendered":"https:\/\/pollmann.de\/?page_id=223271"},"modified":"2026-03-26T13:45:52","modified_gmt":"2026-03-26T12:45:52","slug":"baubeschlaege","status":"publish","type":"page","link":"https:\/\/pollmann.de\/fr\/korrosionsschutz\/baubeschlaege\/","title":{"rendered":"Am\u00e9nagements du b\u00e2timent"},"content":{"rendered":"<p>[et_pb_section fb_built=&#8221;1&#8243; bg_img_2=&#8221;https:\/\/pollmann.de\/wp-content\/uploads\/2021\/08\/business-05.jpg&#8221; admin_label=&#8221;About&#8221; _builder_version=&#8221;4.16&#8243; background_image=&#8221;https:\/\/pollmann.de\/wp-content\/uploads\/2021\/08\/investing-15.jpg&#8221; background_size=&#8221;initial&#8221; background_position=&#8221;top_center&#8221; global_colors_info=&#8221;{}&#8221;][et_pb_row _builder_version=&#8221;4.16&#8243; global_colors_info=&#8221;{}&#8221;][et_pb_column type=&#8221;4_4&#8243; _builder_version=&#8221;4.16&#8243; _module_preset=&#8221;default&#8221; global_colors_info=&#8221;{}&#8221;][et_pb_text _builder_version=&#8221;4.16&#8243; text_font=&#8221;||||||||&#8221; text_font_size=&#8221;15px&#8221; text_line_height=&#8221;2em&#8221; header_2_font=&#8221;|600|||||||&#8221; header_2_text_color=&#8221;#014171&#8243; header_2_font_size=&#8221;45px&#8221; header_2_line_height=&#8221;1.4em&#8221; header_4_font=&#8221;|700||on|||||&#8221; header_4_text_color=&#8221;#1d48c0&#8243; header_4_font_size=&#8221;16px&#8221; header_4_letter_spacing=&#8221;2px&#8221; header_4_line_height=&#8221;1.6em&#8221; module_alignment=&#8221;left&#8221; custom_margin=&#8221;||11px||false|false&#8221; header_2_font_size_tablet=&#8221;30px&#8221; header_2_font_size_phone=&#8221;22px&#8221; header_2_font_size_last_edited=&#8221;on|phone&#8221; header_4_font_size_tablet=&#8221;&#8221; header_4_font_size_phone=&#8221;14px&#8221; header_4_font_size_last_edited=&#8221;on|phone&#8221; locked=&#8221;off&#8221; global_colors_info=&#8221;{}&#8221;]<\/p>\n<h2>Baubeschl\u00e4ge<\/h2>\n<p>[\/et_pb_text][et_pb_image src=&#8221;https:\/\/pollmann.de\/wp-content\/uploads\/2021\/09\/korrosionsschutz1_klein.jpg&#8221; title_text=&#8221;korrosionsschutz1_klein&#8221; _builder_version=&#8221;4.16&#8243; _module_preset=&#8221;default&#8221; global_colors_info=&#8221;{}&#8221;][\/et_pb_image][et_pb_text _builder_version=&#8221;4.16&#8243; text_font=&#8221;||||||||&#8221; text_font_size=&#8221;15px&#8221; text_line_height=&#8221;2em&#8221; header_2_font=&#8221;|600|||||||&#8221; header_2_font_size=&#8221;45px&#8221; header_2_line_height=&#8221;1.4em&#8221; header_4_font=&#8221;|700||on|||||&#8221; header_4_text_color=&#8221;#1d48c0&#8243; header_4_font_size=&#8221;16px&#8221; header_4_letter_spacing=&#8221;2px&#8221; header_4_line_height=&#8221;1.6em&#8221; module_alignment=&#8221;left&#8221; custom_margin=&#8221;||11px||false|false&#8221; header_2_font_size_tablet=&#8221;30px&#8221; header_2_font_size_phone=&#8221;22px&#8221; header_2_font_size_last_edited=&#8221;on|phone&#8221; header_4_font_size_tablet=&#8221;&#8221; header_4_font_size_phone=&#8221;14px&#8221; header_4_font_size_last_edited=&#8221;on|phone&#8221; locked=&#8221;off&#8221; global_colors_info=&#8221;{}&#8221;]<\/p>\n<h2>Der richtige Korrosionsschutz f\u00fcr lange Haltbarkeit<\/h2>\n<p>[\/et_pb_text][et_pb_text _builder_version=&#8221;4.16&#8243; text_font=&#8221;||||||||&#8221; text_font_size=&#8221;15px&#8221; text_line_height=&#8221;2em&#8221; header_2_font=&#8221;Glegoo||||||||&#8221; header_2_font_size=&#8221;40px&#8221; header_2_line_height=&#8221;1.4em&#8221; header_4_font=&#8221;|700||on|||||&#8221; header_4_text_color=&#8221;#1d48c0&#8243; header_4_font_size=&#8221;16px&#8221; header_4_letter_spacing=&#8221;2px&#8221; header_4_line_height=&#8221;1.6em&#8221; max_width=&#8221;1000px&#8221; header_2_font_size_tablet=&#8221;30px&#8221; header_2_font_size_phone=&#8221;22px&#8221; header_2_font_size_last_edited=&#8221;on|phone&#8221; header_4_font_size_tablet=&#8221;&#8221; header_4_font_size_phone=&#8221;14px&#8221; header_4_font_size_last_edited=&#8221;on|phone&#8221; locked=&#8221;off&#8221; global_colors_info=&#8221;{}&#8221;]<\/p>\n<p><span>Die atmosph\u00e4rische Umgebung, die mechanische Beanspruchung und die optischen Anforderungen an ein Produkt erfordern unterschiedliche L\u00f6sungen bei der Oberfl\u00e4chengestaltung. Wir bieten unsere Beschl\u00e4ge standardm\u00e4\u00dfig mit dem fu\u0308r den jeweiligen Artikel u\u0308berlicherweise geforderten Oberfl\u00e4chenschutz an. Sollten Sie ein Produkt mit einer anderen als im Katalog angebotenen Oberfl\u00e4che ben\u00f6tigen, lassen Sie es uns wissen. In den meisten F\u00e4llen ist das fu\u0308r uns kein Problem.<\/span><\/p>\n<p>[\/et_pb_text][\/et_pb_column][\/et_pb_row][et_pb_row _builder_version=&#8221;4.16&#8243; _module_preset=&#8221;default&#8221; global_colors_info=&#8221;{}&#8221;][et_pb_column type=&#8221;4_4&#8243; _builder_version=&#8221;4.16&#8243; _module_preset=&#8221;default&#8221; global_colors_info=&#8221;{}&#8221;][et_pb_divider color=&#8221;#E3E8F0&#8243; _builder_version=&#8221;4.16&#8243; _module_preset=&#8221;default&#8221; max_width=&#8221;700px&#8221; module_alignment=&#8221;center&#8221; global_colors_info=&#8221;{}&#8221;][\/et_pb_divider][et_pb_tabs active_tab_background_color=&#8221;#1D48C0&#8243; inactive_tab_background_color=&#8221;#FFFFFF&#8221; active_tab_text_color=&#8221;#FFFFFF&#8221; _builder_version=&#8221;4.16&#8243; _module_preset=&#8221;default&#8221; tab_text_color=&#8221;#474747&#8243; tab_font=&#8221;|300|||||||&#8221; tab_font_size=&#8221;16px&#8221; max_width=&#8221;1007px&#8221; border_width_all=&#8221;0px&#8221; global_colors_info=&#8221;{}&#8221;][et_pb_tab title=&#8221;Edelstahl&#8221; _builder_version=&#8221;4.16&#8243; _module_preset=&#8221;default&#8221; global_colors_info=&#8221;{}&#8221;]<\/p>\n<p>[divilifeshortcode id=&#8221;227299&#8243;]<\/p>\n<p>[\/et_pb_tab][et_pb_tab title=&#8221;Feuerverzinkung&#8221; _builder_version=&#8221;4.16&#8243; _module_preset=&#8221;default&#8221; global_colors_info=&#8221;{}&#8221;]<\/p>\n<p><span>[divilifeshortcode id=&#8217;227264&#8242;]<\/span><\/p>\n<p>[\/et_pb_tab][et_pb_tab title=&#8221;Sendzimir-Feuerverzinkung&#8221; _builder_version=&#8221;4.16&#8243; _module_preset=&#8221;default&#8221; global_colors_info=&#8221;{}&#8221;]<\/p>\n<p>[divilifeshortcode id=&#8217;227272&#8242;]<\/p>\n<p>[\/et_pb_tab][et_pb_tab title=&#8221;Duplex-Beschichtung&#8221; _builder_version=&#8221;4.16&#8243; _module_preset=&#8221;default&#8221; global_colors_info=&#8221;{}&#8221;]<\/p>\n<p><span>[divilifeshortcode id=&#8217;227276&#8242;]<\/span><\/p>\n<p>[\/et_pb_tab][et_pb_tab title=&#8221;Galvanische Verzinkung&#8221; _builder_version=&#8221;4.16&#8243; _module_preset=&#8221;default&#8221; global_colors_info=&#8221;{}&#8221;]<\/p>\n<p><span>[divilifeshortcode id=&#8217;227281&#8242;]<\/span><\/p>\n<p>[\/et_pb_tab][\/et_pb_tabs][et_pb_divider color=&#8221;#E3E8F0&#8243; _builder_version=&#8221;4.16&#8243; _module_preset=&#8221;default&#8221; max_width=&#8221;700px&#8221; module_alignment=&#8221;center&#8221; global_colors_info=&#8221;{}&#8221;][\/et_pb_divider][\/et_pb_column][\/et_pb_row][et_pb_row _builder_version=&#8221;4.16&#8243; global_colors_info=&#8221;{}&#8221;][et_pb_column type=&#8221;4_4&#8243; _builder_version=&#8221;4.16&#8243; _module_preset=&#8221;default&#8221; global_colors_info=&#8221;{}&#8221;][et_pb_text _builder_version=&#8221;4.16&#8243; text_font=&#8221;||||||||&#8221; text_font_size=&#8221;15px&#8221; text_line_height=&#8221;2em&#8221; header_2_font=&#8221;|300|||||||&#8221; header_2_font_size=&#8221;34px&#8221; header_2_line_height=&#8221;1.4em&#8221; header_4_font=&#8221;|700||on|||||&#8221; header_4_text_color=&#8221;#1d48c0&#8243; header_4_font_size=&#8221;16px&#8221; header_4_letter_spacing=&#8221;2px&#8221; header_4_line_height=&#8221;1.6em&#8221; module_alignment=&#8221;left&#8221; custom_margin=&#8221;||11px||false|false&#8221; header_2_font_size_tablet=&#8221;30px&#8221; header_2_font_size_phone=&#8221;22px&#8221; header_2_font_size_last_edited=&#8221;on|phone&#8221; header_4_font_size_tablet=&#8221;&#8221; header_4_font_size_phone=&#8221;14px&#8221; header_4_font_size_last_edited=&#8221;on|phone&#8221; locked=&#8221;off&#8221; global_colors_info=&#8221;{}&#8221;]<\/p>\n<h2>Wichtige Hinweise<\/h2>\n<p>[\/et_pb_text][et_pb_text _builder_version=&#8221;4.16&#8243; text_font=&#8221;||||||||&#8221; text_font_size=&#8221;15px&#8221; text_line_height=&#8221;2em&#8221; header_2_font=&#8221;Glegoo||||||||&#8221; header_2_font_size=&#8221;40px&#8221; header_2_line_height=&#8221;1.4em&#8221; header_4_font=&#8221;|700||on|||||&#8221; header_4_text_color=&#8221;#1d48c0&#8243; header_4_font_size=&#8221;16px&#8221; header_4_letter_spacing=&#8221;2px&#8221; header_4_line_height=&#8221;1.6em&#8221; max_width=&#8221;1000px&#8221; header_2_font_size_tablet=&#8221;30px&#8221; header_2_font_size_phone=&#8221;22px&#8221; header_2_font_size_last_edited=&#8221;on|phone&#8221; header_4_font_size_tablet=&#8221;&#8221; header_4_font_size_phone=&#8221;14px&#8221; header_4_font_size_last_edited=&#8221;on|phone&#8221; locked=&#8221;off&#8221; global_colors_info=&#8221;{}&#8221;]<\/p>\n<p>Die Oberfl\u00e4chen k\u00f6nnen bei galvanisch und feuerverzinkten Produkten technisch bedingt variieren, so dass keine wiederkehrende Optik garantiert werden kann. Abweichungen stellen keinen Reklamationsgrund dar.<\/p>\n<p>Galvanisch verzinkte Beschl\u00e4ge sind nicht wartungsfrei. Es wird empfohlen, die Beschl\u00e4ge durch eine Duplex- Beschichtung aus unserem Haus zus\u00e4tzlich zu schu\u0308tzen.<\/p>\n<p>Sowohl s\u00e4urehaltige als auch basische Reinigungsmittel, aber auch Silikone k\u00f6nnen die galvanische Beschichtung stark angreifen.<\/p>\n<p><strong>Die Wahl des Materials und der Oberfl\u00e4che fu\u0308r den beabsichtigten Verwendungszweck sowie die Vertr\u00e4glichkeit mit dem geografischen Umfeld liegt in dem Verantwortungsbereich des Bestellers, der dafu\u0308r die volle Haftung u\u0308bernimmt.<\/strong><\/p>\n<p>[\/et_pb_text][\/et_pb_column][\/et_pb_row][\/et_pb_section]<\/p>\n","protected":false},"excerpt":{"rendered":"<p>Baubeschl\u00e4geDer richtige Korrosionsschutz f\u00fcr lange HaltbarkeitDie atmosph\u00e4rische Umgebung, die mechanische Beanspruchung und die optischen Anforderungen an ein Produkt erfordern unterschiedliche L\u00f6sungen bei der Oberfl\u00e4chengestaltung. Wir bieten unsere Beschl\u00e4ge standardm\u00e4\u00dfig mit dem fu\u0308r den jeweiligen Artikel u\u0308berlicherweise geforderten Oberfl\u00e4chenschutz an. Sollten Sie ein Produkt mit einer anderen als im Katalog angebotenen Oberfl\u00e4che ben\u00f6tigen, lassen Sie es [&hellip;]<\/p>\n","protected":false},"author":1,"featured_media":0,"parent":223269,"menu_order":0,"comment_status":"closed","ping_status":"closed","template":"","meta":{"_acf_changed":false,"_et_pb_use_builder":"on","_et_pb_old_content":"","_et_gb_content_width":"","footnotes":""},"dipi_cpt_category":[],"class_list":["post-223271","page","type-page","status-publish","hentry"],"acf":[],"_links":{"self":[{"href":"https:\/\/pollmann.de\/fr\/wp-json\/wp\/v2\/pages\/223271","targetHints":{"allow":["GET"]}}],"collection":[{"href":"https:\/\/pollmann.de\/fr\/wp-json\/wp\/v2\/pages"}],"about":[{"href":"https:\/\/pollmann.de\/fr\/wp-json\/wp\/v2\/types\/page"}],"author":[{"embeddable":true,"href":"https:\/\/pollmann.de\/fr\/wp-json\/wp\/v2\/users\/1"}],"replies":[{"embeddable":true,"href":"https:\/\/pollmann.de\/fr\/wp-json\/wp\/v2\/comments?post=223271"}],"version-history":[{"count":3,"href":"https:\/\/pollmann.de\/fr\/wp-json\/wp\/v2\/pages\/223271\/revisions"}],"predecessor-version":[{"id":230941,"href":"https:\/\/pollmann.de\/fr\/wp-json\/wp\/v2\/pages\/223271\/revisions\/230941"}],"up":[{"embeddable":true,"href":"https:\/\/pollmann.de\/fr\/wp-json\/wp\/v2\/pages\/223269"}],"wp:attachment":[{"href":"https:\/\/pollmann.de\/fr\/wp-json\/wp\/v2\/media?parent=223271"}],"wp:term":[{"taxonomy":"dipi_cpt_category","embeddable":true,"href":"https:\/\/pollmann.de\/fr\/wp-json\/wp\/v2\/dipi_cpt_category?post=223271"}],"curies":[{"name":"wp","href":"https:\/\/api.w.org\/{rel}","templated":true}]}}