{"id":229844,"date":"2022-03-10T14:36:23","date_gmt":"2022-03-10T13:36:23","guid":{"rendered":"https:\/\/pollmann.de\/produkt\/bodenschieber-zum-anschweissen\/"},"modified":"2022-03-10T14:36:58","modified_gmt":"2022-03-10T13:36:58","slug":"bodenschieber-zum-anschweissen","status":"publish","type":"product","link":"https:\/\/pollmann.de\/de_de\/produkt\/bodenschieber-zum-anschweissen\/","title":{"rendered":"Bodenschieber zum Anschwei\u00dfen"},"content":{"rendered":"<p>mit 2 F\u00fchrungen zum Anschwei\u00dfen in 40 mm Abstand, Griff mit Kunststoff\u00fcberzug f\u00fcr eine bessere Haptik.<\/p>\n","protected":false},"excerpt":{"rendered":"<p>mit 2 F\u00fchrungen zum Anschwei\u00dfen in 40 mm Abstand, Griff mit Kunststoff\u00fcberzug f\u00fcr eine bessere Haptik.<\/p>\n","protected":false},"featured_media":227593,"comment_status":"closed","ping_status":"closed","template":"","meta":{"_acf_changed":false,"_et_pb_use_builder":"","_et_pb_old_content":"","_et_gb_content_width":""},"product_brand":[],"product_cat":[1916,1731],"product_tag":[2104,1907,2021,1152,2105,2103],"class_list":{"0":"post-229844","1":"product","2":"type-product","3":"status-publish","4":"has-post-thumbnail","6":"product_cat-metall-torbeschlaege","7":"product_cat-torbeschlaege","8":"product_tag-500-mm-lang","9":"product_tag-bodenschieber","10":"product_tag-doppeltor","11":"product_tag-feuerverzinkt","12":"product_tag-metalltor","13":"product_tag-torriegel","14":"pa_varianten-bodenschieber-zum-anschweissen","16":"first","17":"instock","18":"purchasable","19":"product-type-simple"},"acf":[],"_links":{"self":[{"href":"https:\/\/pollmann.de\/de_de\/wp-json\/wp\/v2\/product\/229844","targetHints":{"allow":["GET"]}}],"collection":[{"href":"https:\/\/pollmann.de\/de_de\/wp-json\/wp\/v2\/product"}],"about":[{"href":"https:\/\/pollmann.de\/de_de\/wp-json\/wp\/v2\/types\/product"}],"replies":[{"embeddable":true,"href":"https:\/\/pollmann.de\/de_de\/wp-json\/wp\/v2\/comments?post=229844"}],"wp:featuredmedia":[{"embeddable":true,"href":"https:\/\/pollmann.de\/de_de\/wp-json\/wp\/v2\/media\/227593"}],"wp:attachment":[{"href":"https:\/\/pollmann.de\/de_de\/wp-json\/wp\/v2\/media?parent=229844"}],"wp:term":[{"taxonomy":"product_brand","embeddable":true,"href":"https:\/\/pollmann.de\/de_de\/wp-json\/wp\/v2\/product_brand?post=229844"},{"taxonomy":"product_cat","embeddable":true,"href":"https:\/\/pollmann.de\/de_de\/wp-json\/wp\/v2\/product_cat?post=229844"},{"taxonomy":"product_tag","embeddable":true,"href":"https:\/\/pollmann.de\/de_de\/wp-json\/wp\/v2\/product_tag?post=229844"}],"curies":[{"name":"wp","href":"https:\/\/api.w.org\/{rel}","templated":true}]}}