{"id":229806,"date":"2022-03-10T14:36:23","date_gmt":"2022-03-10T13:36:23","guid":{"rendered":"https:\/\/pollmann.de\/produkt\/auflaufstuetze-mit-einschlagspitze-hell-verzinkt\/"},"modified":"2022-03-10T14:36:50","modified_gmt":"2022-03-10T13:36:50","slug":"auflaufstuetze-mit-einschlagspitze-hell-verzinkt","status":"publish","type":"product","link":"https:\/\/pollmann.de\/de_de\/produkt\/auflaufstuetze-mit-einschlagspitze-hell-verzinkt\/","title":{"rendered":"Auflaufst\u00fctze mit Einschlagspitze, hell verzinkt"},"content":{"rendered":"<p>anschraubbare Einschlagspitze 400 mm lang, mit 2 Langl\u00f6chern zum Feststellen des Tores, Einbauh\u00f6he 55 mm, Anschlagh\u00f6he 23 mm<\/p>\n","protected":false},"excerpt":{"rendered":"<p>anschraubbare Einschlagspitze 400 mm lang, mit 2 Langl\u00f6chern zum Feststellen des Tores, Einbauh\u00f6he 55 mm, Anschlagh\u00f6he 23 mm<\/p>\n","protected":false},"featured_media":227653,"comment_status":"closed","ping_status":"closed","template":"","meta":{"_acf_changed":false,"_et_pb_use_builder":"","_et_pb_old_content":"","_et_gb_content_width":""},"product_brand":[],"product_cat":[1731,2026],"product_tag":[2107,1862,1861,1875,2108],"class_list":{"0":"post-229806","1":"product","2":"type-product","3":"status-publish","4":"has-post-thumbnail","6":"product_cat-torbeschlaege","7":"product_cat-torfeststeller","8":"product_tag-auflaufstuetze-mit-einschlagspitze","9":"product_tag-blau-verzinkt","10":"product_tag-hell-verzinkt","11":"product_tag-toranschlag","12":"product_tag-zum-einschlagen","13":"pa_varianten-auflaufstuetze-mit-einschlagspitze-hell-verzinkt","15":"first","16":"instock","17":"purchasable","18":"product-type-simple"},"acf":[],"_links":{"self":[{"href":"https:\/\/pollmann.de\/de_de\/wp-json\/wp\/v2\/product\/229806","targetHints":{"allow":["GET"]}}],"collection":[{"href":"https:\/\/pollmann.de\/de_de\/wp-json\/wp\/v2\/product"}],"about":[{"href":"https:\/\/pollmann.de\/de_de\/wp-json\/wp\/v2\/types\/product"}],"replies":[{"embeddable":true,"href":"https:\/\/pollmann.de\/de_de\/wp-json\/wp\/v2\/comments?post=229806"}],"wp:featuredmedia":[{"embeddable":true,"href":"https:\/\/pollmann.de\/de_de\/wp-json\/wp\/v2\/media\/227653"}],"wp:attachment":[{"href":"https:\/\/pollmann.de\/de_de\/wp-json\/wp\/v2\/media?parent=229806"}],"wp:term":[{"taxonomy":"product_brand","embeddable":true,"href":"https:\/\/pollmann.de\/de_de\/wp-json\/wp\/v2\/product_brand?post=229806"},{"taxonomy":"product_cat","embeddable":true,"href":"https:\/\/pollmann.de\/de_de\/wp-json\/wp\/v2\/product_cat?post=229806"},{"taxonomy":"product_tag","embeddable":true,"href":"https:\/\/pollmann.de\/de_de\/wp-json\/wp\/v2\/product_tag?post=229806"}],"curies":[{"name":"wp","href":"https:\/\/api.w.org\/{rel}","templated":true}]}}