{"id":229804,"date":"2022-03-10T14:36:23","date_gmt":"2022-03-10T13:36:23","guid":{"rendered":"https:\/\/pollmann.de\/produkt\/beschlagsortiment-fuer-flechtzauntueren\/"},"modified":"2022-03-10T14:36:49","modified_gmt":"2022-03-10T13:36:49","slug":"beschlagsortiment-fuer-flechtzauntueren","status":"publish","type":"product","link":"https:\/\/pollmann.de\/de_de\/produkt\/beschlagsortiment-fuer-flechtzauntueren\/","title":{"rendered":"Beschlagsortiment f\u00fcr Flechtzaunt\u00fcren"},"content":{"rendered":"<p>bestehend aus 2 Ladenb\u00e4ndern 13\/500, 2 Haken D1\/13, 1 Torverschluss und 1 Schraubensortiment, kartonverpackt<\/p>\n","protected":false},"excerpt":{"rendered":"<p>bestehend aus 2 Ladenb\u00e4ndern 13\/500, 2 Haken D1\/13, 1 Torverschluss und 1 Schraubensortiment, kartonverpackt<\/p>\n","protected":false},"featured_media":227596,"comment_status":"closed","ping_status":"closed","template":"","meta":{"_acf_changed":false,"_et_pb_use_builder":"on","_et_pb_old_content":"bestehend aus 2 Ladenb\u00e4ndern 13\/500, 2 Haken D1\/13, 1 Torverschluss und 1 Schraubensortiment, kartonverpackt","_et_gb_content_width":""},"product_brand":[],"product_cat":[2013,1731],"product_tag":[2020,2217,2017,2018,794,457],"class_list":{"0":"post-229804","1":"product","2":"type-product","3":"status-publish","4":"has-post-thumbnail","6":"product_cat-beschlagsortimente","7":"product_cat-torbeschlaege","8":"product_tag-beschlagsortiment","9":"product_tag-flechtzaun","10":"product_tag-haken-d1","11":"product_tag-kloben-auf-platte","12":"product_tag-ladenband","13":"product_tag-torbeschlag","14":"pa_varianten-beschlagsortiment-fuer-flechtzauntueren","16":"first","17":"instock","18":"purchasable","19":"product-type-simple"},"acf":[],"_links":{"self":[{"href":"https:\/\/pollmann.de\/de_de\/wp-json\/wp\/v2\/product\/229804","targetHints":{"allow":["GET"]}}],"collection":[{"href":"https:\/\/pollmann.de\/de_de\/wp-json\/wp\/v2\/product"}],"about":[{"href":"https:\/\/pollmann.de\/de_de\/wp-json\/wp\/v2\/types\/product"}],"replies":[{"embeddable":true,"href":"https:\/\/pollmann.de\/de_de\/wp-json\/wp\/v2\/comments?post=229804"}],"wp:featuredmedia":[{"embeddable":true,"href":"https:\/\/pollmann.de\/de_de\/wp-json\/wp\/v2\/media\/227596"}],"wp:attachment":[{"href":"https:\/\/pollmann.de\/de_de\/wp-json\/wp\/v2\/media?parent=229804"}],"wp:term":[{"taxonomy":"product_brand","embeddable":true,"href":"https:\/\/pollmann.de\/de_de\/wp-json\/wp\/v2\/product_brand?post=229804"},{"taxonomy":"product_cat","embeddable":true,"href":"https:\/\/pollmann.de\/de_de\/wp-json\/wp\/v2\/product_cat?post=229804"},{"taxonomy":"product_tag","embeddable":true,"href":"https:\/\/pollmann.de\/de_de\/wp-json\/wp\/v2\/product_tag?post=229804"}],"curies":[{"name":"wp","href":"https:\/\/api.w.org\/{rel}","templated":true}]}}