{"id":229781,"date":"2022-03-10T14:36:23","date_gmt":"2022-03-10T13:36:23","guid":{"rendered":"https:\/\/pollmann.de\/produkt\/anschlag-schliessblech-zum-einlassen-feuerverzinkt\/"},"modified":"2022-03-10T14:36:44","modified_gmt":"2022-03-10T13:36:44","slug":"anschlag-schliessblech-zum-einlassen-feuerverzinkt","status":"publish","type":"product","link":"https:\/\/pollmann.de\/de_de\/produkt\/anschlag-schliessblech-zum-einlassen-feuerverzinkt\/","title":{"rendered":"Anschlag-Schlie\u00dfblech zum Einlassen, feuerverzinkt"},"content":{"rendered":"<p>Toranschlag f\u00fcr Einsteckschl\u00f6sser, f\u00fcr T\u00fcr- und Torrahmen 40 mm geeignet<\/p>\n","protected":false},"excerpt":{"rendered":"<p>Toranschlag f\u00fcr Einsteckschl\u00f6sser, f\u00fcr T\u00fcr- und Torrahmen 40 mm geeignet<\/p>\n","protected":false},"featured_media":227604,"comment_status":"closed","ping_status":"closed","template":"","meta":{"_acf_changed":false,"_et_pb_use_builder":"","_et_pb_old_content":"","_et_gb_content_width":""},"product_brand":[],"product_cat":[1731,1843],"product_tag":[1874,1876,1844,1873,1875],"class_list":{"0":"post-229781","1":"product","2":"type-product","3":"status-publish","4":"has-post-thumbnail","6":"product_cat-torbeschlaege","7":"product_cat-torverschluesse","8":"product_tag-anschlagschiessblech","9":"product_tag-anschlagwinkel","10":"product_tag-einsteckschloss","11":"product_tag-schliessblech","12":"product_tag-toranschlag","13":"pa_varianten-anschlag-schliessblech-zum-einlassen-feuerverzinkt","15":"first","16":"instock","17":"purchasable","18":"product-type-simple"},"acf":[],"_links":{"self":[{"href":"https:\/\/pollmann.de\/de_de\/wp-json\/wp\/v2\/product\/229781","targetHints":{"allow":["GET"]}}],"collection":[{"href":"https:\/\/pollmann.de\/de_de\/wp-json\/wp\/v2\/product"}],"about":[{"href":"https:\/\/pollmann.de\/de_de\/wp-json\/wp\/v2\/types\/product"}],"replies":[{"embeddable":true,"href":"https:\/\/pollmann.de\/de_de\/wp-json\/wp\/v2\/comments?post=229781"}],"wp:featuredmedia":[{"embeddable":true,"href":"https:\/\/pollmann.de\/de_de\/wp-json\/wp\/v2\/media\/227604"}],"wp:attachment":[{"href":"https:\/\/pollmann.de\/de_de\/wp-json\/wp\/v2\/media?parent=229781"}],"wp:term":[{"taxonomy":"product_brand","embeddable":true,"href":"https:\/\/pollmann.de\/de_de\/wp-json\/wp\/v2\/product_brand?post=229781"},{"taxonomy":"product_cat","embeddable":true,"href":"https:\/\/pollmann.de\/de_de\/wp-json\/wp\/v2\/product_cat?post=229781"},{"taxonomy":"product_tag","embeddable":true,"href":"https:\/\/pollmann.de\/de_de\/wp-json\/wp\/v2\/product_tag?post=229781"}],"curies":[{"name":"wp","href":"https:\/\/api.w.org\/{rel}","templated":true}]}}