{"id":229773,"date":"2022-03-10T14:36:23","date_gmt":"2022-03-10T13:36:23","guid":{"rendered":"https:\/\/pollmann.de\/produkt\/handgriff-r-155-mm-randgehaemmert\/"},"modified":"2022-03-10T14:36:43","modified_gmt":"2022-03-10T13:36:43","slug":"handgriff-r-155-mm-randgehaemmert","status":"publish","type":"product","link":"https:\/\/pollmann.de\/de_de\/produkt\/handgriff-r-155-mm-randgehaemmert\/","title":{"rendered":"Handgriff R 155 mm, randgeh\u00e4mmert"},"content":{"rendered":"<p>stabiler Griff f\u00fcr Kisten, Truhen und T\u00fcren<\/p>\n","protected":false},"excerpt":{"rendered":"<p>stabiler Griff f\u00fcr Kisten, Truhen und T\u00fcren<\/p>\n","protected":false},"featured_media":228053,"comment_status":"closed","ping_status":"closed","template":"","meta":{"_acf_changed":false,"_et_pb_use_builder":"","_et_pb_old_content":"","_et_gb_content_width":""},"product_brand":[],"product_cat":[1957,1731],"product_tag":[340,341,342,97,123],"class_list":{"0":"post-229773","1":"product","2":"type-product","3":"status-publish","4":"has-post-thumbnail","6":"product_cat-mit-randhaemmerung","7":"product_cat-torbeschlaege","8":"product_tag-griff","9":"product_tag-handgriff","10":"product_tag-kistenbeschlag","11":"product_tag-pollmann","12":"product_tag-zierbeschlag","13":"pa_varianten-handgriff-r-155-mm-randgehaemmert","15":"first","16":"instock","17":"purchasable","18":"product-type-simple"},"acf":[],"_links":{"self":[{"href":"https:\/\/pollmann.de\/de_de\/wp-json\/wp\/v2\/product\/229773","targetHints":{"allow":["GET"]}}],"collection":[{"href":"https:\/\/pollmann.de\/de_de\/wp-json\/wp\/v2\/product"}],"about":[{"href":"https:\/\/pollmann.de\/de_de\/wp-json\/wp\/v2\/types\/product"}],"replies":[{"embeddable":true,"href":"https:\/\/pollmann.de\/de_de\/wp-json\/wp\/v2\/comments?post=229773"}],"wp:featuredmedia":[{"embeddable":true,"href":"https:\/\/pollmann.de\/de_de\/wp-json\/wp\/v2\/media\/228053"}],"wp:attachment":[{"href":"https:\/\/pollmann.de\/de_de\/wp-json\/wp\/v2\/media?parent=229773"}],"wp:term":[{"taxonomy":"product_brand","embeddable":true,"href":"https:\/\/pollmann.de\/de_de\/wp-json\/wp\/v2\/product_brand?post=229773"},{"taxonomy":"product_cat","embeddable":true,"href":"https:\/\/pollmann.de\/de_de\/wp-json\/wp\/v2\/product_cat?post=229773"},{"taxonomy":"product_tag","embeddable":true,"href":"https:\/\/pollmann.de\/de_de\/wp-json\/wp\/v2\/product_tag?post=229773"}],"curies":[{"name":"wp","href":"https:\/\/api.w.org\/{rel}","templated":true}]}}