{"id":229772,"date":"2022-03-10T14:36:23","date_gmt":"2022-03-10T13:36:23","guid":{"rendered":"https:\/\/pollmann.de\/produkt\/ueberfalle-r-200-mm-mit-oese-randgehaemmert\/"},"modified":"2022-03-10T14:36:43","modified_gmt":"2022-03-10T13:36:43","slug":"ueberfalle-r-200-mm-mit-oese-randgehaemmert","status":"publish","type":"product","link":"https:\/\/pollmann.de\/de_de\/produkt\/ueberfalle-r-200-mm-mit-oese-randgehaemmert\/","title":{"rendered":"\u00dcberfalle R 200 mm, mit \u00d6se, randgeh\u00e4mmert"},"content":{"rendered":"<p>mit Randh\u00e4mmerung und Zierspitze, Schlitz 30 x 7 mm, mit Schlie\u00df\u00f6se<\/p>\n","protected":false},"excerpt":{"rendered":"<p>mit Randh\u00e4mmerung und Zierspitze, Schlitz 30 x 7 mm, mit Schlie\u00df\u00f6se<\/p>\n","protected":false},"featured_media":228051,"comment_status":"closed","ping_status":"closed","template":"","meta":{"_acf_changed":false,"_et_pb_use_builder":"","_et_pb_old_content":"","_et_gb_content_width":""},"product_brand":[],"product_cat":[1957,1731],"product_tag":[342,456,458,1963,1835,455],"class_list":{"0":"post-229772","1":"product","2":"type-product","3":"status-publish","4":"has-post-thumbnail","6":"product_cat-mit-randhaemmerung","7":"product_cat-torbeschlaege","8":"product_tag-kistenbeschlag","9":"product_tag-kistenverschluss","10":"product_tag-torverschluss","11":"product_tag-truhenueberfalle","12":"product_tag-tuerverschluss","13":"product_tag-ueberfalle","14":"pa_varianten-ueberfalle-r-200-mm-mit-oese-randgehaemmert","16":"first","17":"instock","18":"purchasable","19":"product-type-simple"},"acf":[],"_links":{"self":[{"href":"https:\/\/pollmann.de\/de_de\/wp-json\/wp\/v2\/product\/229772","targetHints":{"allow":["GET"]}}],"collection":[{"href":"https:\/\/pollmann.de\/de_de\/wp-json\/wp\/v2\/product"}],"about":[{"href":"https:\/\/pollmann.de\/de_de\/wp-json\/wp\/v2\/types\/product"}],"replies":[{"embeddable":true,"href":"https:\/\/pollmann.de\/de_de\/wp-json\/wp\/v2\/comments?post=229772"}],"wp:featuredmedia":[{"embeddable":true,"href":"https:\/\/pollmann.de\/de_de\/wp-json\/wp\/v2\/media\/228051"}],"wp:attachment":[{"href":"https:\/\/pollmann.de\/de_de\/wp-json\/wp\/v2\/media?parent=229772"}],"wp:term":[{"taxonomy":"product_brand","embeddable":true,"href":"https:\/\/pollmann.de\/de_de\/wp-json\/wp\/v2\/product_brand?post=229772"},{"taxonomy":"product_cat","embeddable":true,"href":"https:\/\/pollmann.de\/de_de\/wp-json\/wp\/v2\/product_cat?post=229772"},{"taxonomy":"product_tag","embeddable":true,"href":"https:\/\/pollmann.de\/de_de\/wp-json\/wp\/v2\/product_tag?post=229772"}],"curies":[{"name":"wp","href":"https:\/\/api.w.org\/{rel}","templated":true}]}}