{"id":229771,"date":"2022-03-10T14:36:23","date_gmt":"2022-03-10T13:36:23","guid":{"rendered":"https:\/\/pollmann.de\/produkt\/doppeltorueberwurf-mit-randhaemmerung\/"},"modified":"2022-03-10T14:36:42","modified_gmt":"2022-03-10T13:36:42","slug":"doppeltorueberwurf-mit-randhaemmerung","status":"publish","type":"product","link":"https:\/\/pollmann.de\/de_de\/produkt\/doppeltorueberwurf-mit-randhaemmerung\/","title":{"rendered":"Doppeltor\u00fcberwurf mit Randh\u00e4mmerung"},"content":{"rendered":"<p>Hebel 370 x 30 x 8 mm, Platten 180 x 70 x 2,5 mm, Gesamtl\u00e4nge 420 mm, Lieferung inkl. Schrauben<\/p>\n","protected":false},"excerpt":{"rendered":"<p>Hebel 370 x 30 x 8 mm, Platten 180 x 70 x 2,5 mm, Gesamtl\u00e4nge 420 mm, Lieferung inkl. Schrauben<\/p>\n","protected":false},"featured_media":228057,"comment_status":"closed","ping_status":"closed","template":"","meta":{"_acf_changed":false,"_et_pb_use_builder":"","_et_pb_old_content":"","_et_gb_content_width":""},"product_brand":[],"product_cat":[1957,1731],"product_tag":[1847,1848,1959,458,1958],"class_list":{"0":"post-229771","1":"product","2":"type-product","3":"status-publish","4":"has-post-thumbnail","6":"product_cat-mit-randhaemmerung","7":"product_cat-torbeschlaege","8":"product_tag-doppeltorueberwurf","9":"product_tag-doppeltorverriegelung","10":"product_tag-historischer-beschlag","11":"product_tag-torverschluss","12":"product_tag-ueberwurf-fuer-doppeltor","13":"pa_varianten-doppeltorueberwurf-mit-randhaemmerung","15":"first","16":"instock","17":"purchasable","18":"product-type-simple"},"acf":[],"_links":{"self":[{"href":"https:\/\/pollmann.de\/de_de\/wp-json\/wp\/v2\/product\/229771","targetHints":{"allow":["GET"]}}],"collection":[{"href":"https:\/\/pollmann.de\/de_de\/wp-json\/wp\/v2\/product"}],"about":[{"href":"https:\/\/pollmann.de\/de_de\/wp-json\/wp\/v2\/types\/product"}],"replies":[{"embeddable":true,"href":"https:\/\/pollmann.de\/de_de\/wp-json\/wp\/v2\/comments?post=229771"}],"wp:featuredmedia":[{"embeddable":true,"href":"https:\/\/pollmann.de\/de_de\/wp-json\/wp\/v2\/media\/228057"}],"wp:attachment":[{"href":"https:\/\/pollmann.de\/de_de\/wp-json\/wp\/v2\/media?parent=229771"}],"wp:term":[{"taxonomy":"product_brand","embeddable":true,"href":"https:\/\/pollmann.de\/de_de\/wp-json\/wp\/v2\/product_brand?post=229771"},{"taxonomy":"product_cat","embeddable":true,"href":"https:\/\/pollmann.de\/de_de\/wp-json\/wp\/v2\/product_cat?post=229771"},{"taxonomy":"product_tag","embeddable":true,"href":"https:\/\/pollmann.de\/de_de\/wp-json\/wp\/v2\/product_tag?post=229771"}],"curies":[{"name":"wp","href":"https:\/\/api.w.org\/{rel}","templated":true}]}}