{"id":229765,"date":"2022-03-10T14:36:23","date_gmt":"2022-03-10T13:36:23","guid":{"rendered":"https:\/\/pollmann.de\/produkt\/einsteckschloss-2-tourig-72-55-mm\/"},"modified":"2022-03-10T14:37:39","modified_gmt":"2022-03-10T13:37:39","slug":"einsteckschloss-2-tourig-72-55-mm","status":"publish","type":"product","link":"https:\/\/pollmann.de\/de_de\/produkt\/einsteckschloss-2-tourig-72-55-mm\/","title":{"rendered":"Einsteckschloss 2-tourig, 72\/55 mm"},"content":{"rendered":"<p>z.B f\u00fcr Rahmentore rechts und links verwendbar durch umlegbare Falle, 2-tourige Schlie\u00dfung, 55er Dornma\u00df, Nuss 8 mm, 72 mm Distanz, ohne Schlie\u00dfblech, Stulp 24 mm rund<\/p>\n","protected":false},"excerpt":{"rendered":"<p>z.B f\u00fcr Rahmentore rechts und links verwendbar durch umlegbare Falle, 2-tourige Schlie\u00dfung, 55er Dornma\u00df, Nuss 8 mm, 72 mm Distanz, ohne Schlie\u00dfblech, Stulp 24 mm rund<\/p>\n","protected":false},"featured_media":227602,"comment_status":"closed","ping_status":"closed","template":"","meta":{"_acf_changed":false,"_et_pb_use_builder":"","_et_pb_old_content":"","_et_gb_content_width":""},"product_brand":[],"product_cat":[1731,1843],"product_tag":[1885,1884,1844],"class_list":{"0":"post-229765","1":"product","2":"type-product","3":"status-publish","4":"has-post-thumbnail","6":"product_cat-torbeschlaege","7":"product_cat-torverschluesse","8":"product_tag-2-tourig","9":"product_tag-buntbart","10":"product_tag-einsteckschloss","11":"pa_varianten-einsteckschloss-buntbart-mit-1-schluessel-hell-verzinkt","12":"pa_varianten-einsteckschloss-profilzylinder-mit-wechsel-verzinkt","14":"first","15":"instock","16":"purchasable","17":"product-type-variable"},"acf":[],"_links":{"self":[{"href":"https:\/\/pollmann.de\/de_de\/wp-json\/wp\/v2\/product\/229765","targetHints":{"allow":["GET"]}}],"collection":[{"href":"https:\/\/pollmann.de\/de_de\/wp-json\/wp\/v2\/product"}],"about":[{"href":"https:\/\/pollmann.de\/de_de\/wp-json\/wp\/v2\/types\/product"}],"replies":[{"embeddable":true,"href":"https:\/\/pollmann.de\/de_de\/wp-json\/wp\/v2\/comments?post=229765"}],"wp:featuredmedia":[{"embeddable":true,"href":"https:\/\/pollmann.de\/de_de\/wp-json\/wp\/v2\/media\/227602"}],"wp:attachment":[{"href":"https:\/\/pollmann.de\/de_de\/wp-json\/wp\/v2\/media?parent=229765"}],"wp:term":[{"taxonomy":"product_brand","embeddable":true,"href":"https:\/\/pollmann.de\/de_de\/wp-json\/wp\/v2\/product_brand?post=229765"},{"taxonomy":"product_cat","embeddable":true,"href":"https:\/\/pollmann.de\/de_de\/wp-json\/wp\/v2\/product_cat?post=229765"},{"taxonomy":"product_tag","embeddable":true,"href":"https:\/\/pollmann.de\/de_de\/wp-json\/wp\/v2\/product_tag?post=229765"}],"curies":[{"name":"wp","href":"https:\/\/api.w.org\/{rel}","templated":true}]}}